{"id":1877,"date":"2024-01-11T14:22:34","date_gmt":"2024-01-11T14:22:34","guid":{"rendered":"https:\/\/champagne-monmarthe.com\/product\/coup-de-coeur\/"},"modified":"2025-02-17T16:46:37","modified_gmt":"2025-02-17T16:46:37","slug":"coup-de-coeur","status":"publish","type":"product","link":"https:\/\/champagne-monmarthe.com\/fr\/product\/coup-de-coeur\/","title":{"rendered":"Coup de c\u0153ur"},"content":{"rendered":"<p><strong><u>Le bijou des amateurs<\/u><\/strong><\/p>\n<p><span class=\"comment_message--boldStyle--4eiNG\">Bijou<\/span><span class=\"\"> par sa pr\u00e9sentation&#8230; <\/span><span class=\"comment_message--boldStyle--4eiNG\">Coup de C\u0153ur<\/span><span class=\"\"> \u00e0 la d\u00e9gustation.<\/span><\/p>\n<p><span class=\"\">Son assemblage pr\u00e9cis de <strong>Pinot Noir<\/strong> et de <strong>Chardonnay<\/strong>, avec un dosage minimal de 3g, en fait une cuv\u00e9e pure et structur\u00e9e. Elle se distingue par sa fra\u00eecheur, sa rondeur en bouche et une belle persistance.<\/span><\/p>\n<p><span class=\"\">Ce <strong>champagne extra-brut<\/strong> exprime la finesse du champagne sans exc\u00e8s, id\u00e9ale pour ceux qui recherchent la simplicit\u00e9 dans l\u2019\u00e9l\u00e9gance.<\/span><\/p>\n<p>Cette cuv\u00e9e est disponible en bouteille (75cl)<\/p>\n","protected":false},"excerpt":{"rendered":"<p>Le bijou des amateurs Bijou par sa pr\u00e9sentation&#8230; Coup de C\u0153ur \u00e0 la d\u00e9gustation. Son assemblage pr\u00e9cis de Pinot Noir et de Chardonnay, avec un dosage minimal de 3g, en fait une cuv\u00e9e pure et structur\u00e9e. Elle se distingue par sa fra\u00eecheur, sa rondeur en bouche et une belle persistance. Ce champagne extra-brut exprime la [&hellip;]<\/p>\n","protected":false},"featured_media":1878,"comment_status":"open","ping_status":"closed","template":"","meta":[],"product_cat":[44],"product_tag":[],"class_list":{"0":"post-1877","1":"product","2":"type-product","3":"status-publish","4":"has-post-thumbnail","6":"product_cat-premier-cru-fr","8":"first","9":"instock","10":"shipping-taxable","11":"purchasable","12":"product-type-variable","13":"has-default-attributes"},"yoast_head":"<!-- This site is optimized with the Yoast SEO plugin v23.4 - https:\/\/yoast.com\/wordpress\/plugins\/seo\/ -->\n<title>Coup de c\u0153ur - Champagne Monmarthe<\/title>\n<meta name=\"robots\" content=\"index, follow, max-snippet:-1, max-image-preview:large, max-video-preview:-1\" \/>\n<link rel=\"canonical\" href=\"https:\/\/champagne-monmarthe.com\/fr\/product\/coup-de-coeur\/\" \/>\n<meta property=\"og:locale\" content=\"fr_FR\" \/>\n<meta property=\"og:type\" content=\"article\" \/>\n<meta property=\"og:title\" content=\"Coup de c\u0153ur - Champagne Monmarthe\" \/>\n<meta property=\"og:description\" content=\"Le bijou des amateurs Bijou par sa pr\u00e9sentation&#8230; Coup de C\u0153ur \u00e0 la d\u00e9gustation. Son assemblage pr\u00e9cis de Pinot Noir et de Chardonnay, avec un dosage minimal de 3g, en fait une cuv\u00e9e pure et structur\u00e9e. Elle se distingue par sa fra\u00eecheur, sa rondeur en bouche et une belle persistance. Ce champagne extra-brut exprime la [&hellip;]\" \/>\n<meta property=\"og:url\" content=\"https:\/\/champagne-monmarthe.com\/fr\/product\/coup-de-coeur\/\" \/>\n<meta property=\"og:site_name\" content=\"Champagne Monmarthe\" \/>\n<meta property=\"article:modified_time\" content=\"2025-02-17T16:46:37+00:00\" \/>\n<meta property=\"og:image\" content=\"https:\/\/champagne-monmarthe.com\/wp-content\/uploads\/2024\/01\/new-bottle.png\" \/>\n\t<meta property=\"og:image:width\" content=\"1000\" \/>\n\t<meta property=\"og:image:height\" content=\"1000\" \/>\n\t<meta property=\"og:image:type\" content=\"image\/png\" \/>\n<meta name=\"twitter:card\" content=\"summary_large_image\" \/>\n<meta name=\"twitter:label1\" content=\"Dur\u00e9e de lecture estim\u00e9e\" \/>\n\t<meta name=\"twitter:data1\" content=\"1 minute\" \/>\n<script type=\"application\/ld+json\" class=\"yoast-schema-graph\">{\"@context\":\"https:\/\/schema.org\",\"@graph\":[{\"@type\":\"WebPage\",\"@id\":\"https:\/\/champagne-monmarthe.com\/fr\/product\/coup-de-coeur\/\",\"url\":\"https:\/\/champagne-monmarthe.com\/fr\/product\/coup-de-coeur\/\",\"name\":\"Coup de c\u0153ur - Champagne Monmarthe\",\"isPartOf\":{\"@id\":\"https:\/\/champagne-monmarthe.com\/#website\"},\"primaryImageOfPage\":{\"@id\":\"https:\/\/champagne-monmarthe.com\/fr\/product\/coup-de-coeur\/#primaryimage\"},\"image\":{\"@id\":\"https:\/\/champagne-monmarthe.com\/fr\/product\/coup-de-coeur\/#primaryimage\"},\"thumbnailUrl\":\"https:\/\/champagne-monmarthe.com\/wp-content\/uploads\/2024\/01\/new-bottle.png\",\"datePublished\":\"2024-01-11T14:22:34+00:00\",\"dateModified\":\"2025-02-17T16:46:37+00:00\",\"breadcrumb\":{\"@id\":\"https:\/\/champagne-monmarthe.com\/fr\/product\/coup-de-coeur\/#breadcrumb\"},\"inLanguage\":\"fr-FR\",\"potentialAction\":[{\"@type\":\"ReadAction\",\"target\":[\"https:\/\/champagne-monmarthe.com\/fr\/product\/coup-de-coeur\/\"]}]},{\"@type\":\"ImageObject\",\"inLanguage\":\"fr-FR\",\"@id\":\"https:\/\/champagne-monmarthe.com\/fr\/product\/coup-de-coeur\/#primaryimage\",\"url\":\"https:\/\/champagne-monmarthe.com\/wp-content\/uploads\/2024\/01\/new-bottle.png\",\"contentUrl\":\"https:\/\/champagne-monmarthe.com\/wp-content\/uploads\/2024\/01\/new-bottle.png\",\"width\":1000,\"height\":1000},{\"@type\":\"BreadcrumbList\",\"@id\":\"https:\/\/champagne-monmarthe.com\/fr\/product\/coup-de-coeur\/#breadcrumb\",\"itemListElement\":[{\"@type\":\"ListItem\",\"position\":1,\"name\":\"Home\",\"item\":\"https:\/\/champagne-monmarthe.com\/fr\/\"},{\"@type\":\"ListItem\",\"position\":2,\"name\":\"Boutique\",\"item\":\"https:\/\/champagne-monmarthe.com\/shop\/\"},{\"@type\":\"ListItem\",\"position\":3,\"name\":\"Coup de c\u0153ur\"}]},{\"@type\":\"WebSite\",\"@id\":\"https:\/\/champagne-monmarthe.com\/#website\",\"url\":\"https:\/\/champagne-monmarthe.com\/\",\"name\":\"Champagne Monmarthe\",\"description\":\"\",\"publisher\":{\"@id\":\"https:\/\/champagne-monmarthe.com\/#organization\"},\"potentialAction\":[{\"@type\":\"SearchAction\",\"target\":{\"@type\":\"EntryPoint\",\"urlTemplate\":\"https:\/\/champagne-monmarthe.com\/?s={search_term_string}\"},\"query-input\":{\"@type\":\"PropertyValueSpecification\",\"valueRequired\":true,\"valueName\":\"search_term_string\"}}],\"inLanguage\":\"fr-FR\"},{\"@type\":\"Organization\",\"@id\":\"https:\/\/champagne-monmarthe.com\/#organization\",\"name\":\"Champagne Monmarthe\",\"url\":\"https:\/\/champagne-monmarthe.com\/\",\"logo\":{\"@type\":\"ImageObject\",\"inLanguage\":\"fr-FR\",\"@id\":\"https:\/\/champagne-monmarthe.com\/#\/schema\/logo\/image\/\",\"url\":\"https:\/\/champagne-monmarthe.com\/wp-content\/uploads\/2023\/12\/LOGO.svg\",\"contentUrl\":\"https:\/\/champagne-monmarthe.com\/wp-content\/uploads\/2023\/12\/LOGO.svg\",\"width\":206,\"height\":96,\"caption\":\"Champagne Monmarthe\"},\"image\":{\"@id\":\"https:\/\/champagne-monmarthe.com\/#\/schema\/logo\/image\/\"}}]}<\/script>\n<!-- \/ Yoast SEO plugin. -->","yoast_head_json":{"title":"Coup de c\u0153ur - Champagne Monmarthe","robots":{"index":"index","follow":"follow","max-snippet":"max-snippet:-1","max-image-preview":"max-image-preview:large","max-video-preview":"max-video-preview:-1"},"canonical":"https:\/\/champagne-monmarthe.com\/fr\/product\/coup-de-coeur\/","og_locale":"fr_FR","og_type":"article","og_title":"Coup de c\u0153ur - Champagne Monmarthe","og_description":"Le bijou des amateurs Bijou par sa pr\u00e9sentation&#8230; Coup de C\u0153ur \u00e0 la d\u00e9gustation. Son assemblage pr\u00e9cis de Pinot Noir et de Chardonnay, avec un dosage minimal de 3g, en fait une cuv\u00e9e pure et structur\u00e9e. Elle se distingue par sa fra\u00eecheur, sa rondeur en bouche et une belle persistance. Ce champagne extra-brut exprime la [&hellip;]","og_url":"https:\/\/champagne-monmarthe.com\/fr\/product\/coup-de-coeur\/","og_site_name":"Champagne Monmarthe","article_modified_time":"2025-02-17T16:46:37+00:00","og_image":[{"width":1000,"height":1000,"url":"https:\/\/champagne-monmarthe.com\/wp-content\/uploads\/2024\/01\/new-bottle.png","type":"image\/png"}],"twitter_card":"summary_large_image","twitter_misc":{"Dur\u00e9e de lecture estim\u00e9e":"1 minute"},"schema":{"@context":"https:\/\/schema.org","@graph":[{"@type":"WebPage","@id":"https:\/\/champagne-monmarthe.com\/fr\/product\/coup-de-coeur\/","url":"https:\/\/champagne-monmarthe.com\/fr\/product\/coup-de-coeur\/","name":"Coup de c\u0153ur - Champagne Monmarthe","isPartOf":{"@id":"https:\/\/champagne-monmarthe.com\/#website"},"primaryImageOfPage":{"@id":"https:\/\/champagne-monmarthe.com\/fr\/product\/coup-de-coeur\/#primaryimage"},"image":{"@id":"https:\/\/champagne-monmarthe.com\/fr\/product\/coup-de-coeur\/#primaryimage"},"thumbnailUrl":"https:\/\/champagne-monmarthe.com\/wp-content\/uploads\/2024\/01\/new-bottle.png","datePublished":"2024-01-11T14:22:34+00:00","dateModified":"2025-02-17T16:46:37+00:00","breadcrumb":{"@id":"https:\/\/champagne-monmarthe.com\/fr\/product\/coup-de-coeur\/#breadcrumb"},"inLanguage":"fr-FR","potentialAction":[{"@type":"ReadAction","target":["https:\/\/champagne-monmarthe.com\/fr\/product\/coup-de-coeur\/"]}]},{"@type":"ImageObject","inLanguage":"fr-FR","@id":"https:\/\/champagne-monmarthe.com\/fr\/product\/coup-de-coeur\/#primaryimage","url":"https:\/\/champagne-monmarthe.com\/wp-content\/uploads\/2024\/01\/new-bottle.png","contentUrl":"https:\/\/champagne-monmarthe.com\/wp-content\/uploads\/2024\/01\/new-bottle.png","width":1000,"height":1000},{"@type":"BreadcrumbList","@id":"https:\/\/champagne-monmarthe.com\/fr\/product\/coup-de-coeur\/#breadcrumb","itemListElement":[{"@type":"ListItem","position":1,"name":"Home","item":"https:\/\/champagne-monmarthe.com\/fr\/"},{"@type":"ListItem","position":2,"name":"Boutique","item":"https:\/\/champagne-monmarthe.com\/shop\/"},{"@type":"ListItem","position":3,"name":"Coup de c\u0153ur"}]},{"@type":"WebSite","@id":"https:\/\/champagne-monmarthe.com\/#website","url":"https:\/\/champagne-monmarthe.com\/","name":"Champagne Monmarthe","description":"","publisher":{"@id":"https:\/\/champagne-monmarthe.com\/#organization"},"potentialAction":[{"@type":"SearchAction","target":{"@type":"EntryPoint","urlTemplate":"https:\/\/champagne-monmarthe.com\/?s={search_term_string}"},"query-input":{"@type":"PropertyValueSpecification","valueRequired":true,"valueName":"search_term_string"}}],"inLanguage":"fr-FR"},{"@type":"Organization","@id":"https:\/\/champagne-monmarthe.com\/#organization","name":"Champagne Monmarthe","url":"https:\/\/champagne-monmarthe.com\/","logo":{"@type":"ImageObject","inLanguage":"fr-FR","@id":"https:\/\/champagne-monmarthe.com\/#\/schema\/logo\/image\/","url":"https:\/\/champagne-monmarthe.com\/wp-content\/uploads\/2023\/12\/LOGO.svg","contentUrl":"https:\/\/champagne-monmarthe.com\/wp-content\/uploads\/2023\/12\/LOGO.svg","width":206,"height":96,"caption":"Champagne Monmarthe"},"image":{"@id":"https:\/\/champagne-monmarthe.com\/#\/schema\/logo\/image\/"}}]}},"_links":{"self":[{"href":"https:\/\/champagne-monmarthe.com\/fr\/wp-json\/wp\/v2\/product\/1877","targetHints":{"allow":["GET"]}}],"collection":[{"href":"https:\/\/champagne-monmarthe.com\/fr\/wp-json\/wp\/v2\/product"}],"about":[{"href":"https:\/\/champagne-monmarthe.com\/fr\/wp-json\/wp\/v2\/types\/product"}],"replies":[{"embeddable":true,"href":"https:\/\/champagne-monmarthe.com\/fr\/wp-json\/wp\/v2\/comments?post=1877"}],"wp:featuredmedia":[{"embeddable":true,"href":"https:\/\/champagne-monmarthe.com\/fr\/wp-json\/wp\/v2\/media\/1878"}],"wp:attachment":[{"href":"https:\/\/champagne-monmarthe.com\/fr\/wp-json\/wp\/v2\/media?parent=1877"}],"wp:term":[{"taxonomy":"product_cat","embeddable":true,"href":"https:\/\/champagne-monmarthe.com\/fr\/wp-json\/wp\/v2\/product_cat?post=1877"},{"taxonomy":"product_tag","embeddable":true,"href":"https:\/\/champagne-monmarthe.com\/fr\/wp-json\/wp\/v2\/product_tag?post=1877"}],"curies":[{"name":"wp","href":"https:\/\/api.w.org\/{rel}","templated":true}]}}