{"id":1874,"date":"2024-01-11T14:18:49","date_gmt":"2024-01-11T14:18:49","guid":{"rendered":"https:\/\/champagne-monmarthe.com\/product\/douceur-de-bulles\/"},"modified":"2025-02-17T16:45:28","modified_gmt":"2025-02-17T16:45:28","slug":"douceur-de-bulles","status":"publish","type":"product","link":"https:\/\/champagne-monmarthe.com\/fr\/product\/douceur-de-bulles\/","title":{"rendered":"Douceur de Bulles"},"content":{"rendered":"<p><strong><u>Gourmandise du dessert\u00a0<\/u><\/strong><\/p>\n<p>Ce champagne demi-sec refl\u00e8te l&rsquo;\u00e9quilibre entre rondeur et fra\u00eecheur. Son assemblage de <strong>Pinot Noir<\/strong>, de<strong> Meunier<\/strong> et de <strong>Chardonnay<\/strong> r\u00e9v\u00e8le des ar\u00f4mes fruit\u00e9s et une bouche ample et persistante.<\/p>\n<p>Avec un dosage ma\u00eetris\u00e9, <strong>elle se marie parfaitement avec des desserts<\/strong> comme une tarte aux fraises ou une panna cotta, mais peut aussi \u00eatre <strong>d\u00e9gust\u00e9e seule<\/strong> pour appr\u00e9cier sa complexit\u00e9.<\/p>\n<p>Cette cuv\u00e9e est disponible en bouteille (75cl)<\/p>\n","protected":false},"excerpt":{"rendered":"<p>Gourmandise du dessert\u00a0 Ce champagne demi-sec refl\u00e8te l&rsquo;\u00e9quilibre entre rondeur et fra\u00eecheur. Son assemblage de Pinot Noir, de Meunier et de Chardonnay r\u00e9v\u00e8le des ar\u00f4mes fruit\u00e9s et une bouche ample et persistante. Avec un dosage ma\u00eetris\u00e9, elle se marie parfaitement avec des desserts comme une tarte aux fraises ou une panna cotta, mais peut aussi [&hellip;]<\/p>\n","protected":false},"featured_media":1875,"comment_status":"open","ping_status":"closed","template":"","meta":[],"product_cat":[48],"product_tag":[],"class_list":{"0":"post-1874","1":"product","2":"type-product","3":"status-publish","4":"has-post-thumbnail","6":"product_cat-extra-brut-premier-cru-fr","8":"first","9":"instock","10":"shipping-taxable","11":"purchasable","12":"product-type-variable","13":"has-default-attributes"},"yoast_head":"<!-- This site is optimized with the Yoast SEO plugin v23.4 - https:\/\/yoast.com\/wordpress\/plugins\/seo\/ -->\n<title>Douceur de Bulles - Champagne Monmarthe<\/title>\n<meta name=\"robots\" content=\"index, follow, max-snippet:-1, max-image-preview:large, max-video-preview:-1\" \/>\n<link rel=\"canonical\" href=\"https:\/\/champagne-monmarthe.com\/fr\/product\/douceur-de-bulles\/\" \/>\n<meta property=\"og:locale\" content=\"fr_FR\" \/>\n<meta property=\"og:type\" content=\"article\" \/>\n<meta property=\"og:title\" content=\"Douceur de Bulles - Champagne Monmarthe\" \/>\n<meta property=\"og:description\" content=\"Gourmandise du dessert\u00a0 Ce champagne demi-sec refl\u00e8te l&rsquo;\u00e9quilibre entre rondeur et fra\u00eecheur. Son assemblage de Pinot Noir, de Meunier et de Chardonnay r\u00e9v\u00e8le des ar\u00f4mes fruit\u00e9s et une bouche ample et persistante. Avec un dosage ma\u00eetris\u00e9, elle se marie parfaitement avec des desserts comme une tarte aux fraises ou une panna cotta, mais peut aussi [&hellip;]\" \/>\n<meta property=\"og:url\" content=\"https:\/\/champagne-monmarthe.com\/fr\/product\/douceur-de-bulles\/\" \/>\n<meta property=\"og:site_name\" content=\"Champagne Monmarthe\" \/>\n<meta property=\"article:modified_time\" content=\"2025-02-17T16:45:28+00:00\" \/>\n<meta property=\"og:image\" content=\"https:\/\/champagne-monmarthe.com\/wp-content\/uploads\/2024\/01\/new-bottle2.png\" \/>\n\t<meta property=\"og:image:width\" content=\"1000\" \/>\n\t<meta property=\"og:image:height\" content=\"1000\" \/>\n\t<meta property=\"og:image:type\" content=\"image\/png\" \/>\n<meta name=\"twitter:card\" content=\"summary_large_image\" \/>\n<meta name=\"twitter:label1\" content=\"Dur\u00e9e de lecture estim\u00e9e\" \/>\n\t<meta name=\"twitter:data1\" content=\"1 minute\" \/>\n<script type=\"application\/ld+json\" class=\"yoast-schema-graph\">{\"@context\":\"https:\/\/schema.org\",\"@graph\":[{\"@type\":\"WebPage\",\"@id\":\"https:\/\/champagne-monmarthe.com\/fr\/product\/douceur-de-bulles\/\",\"url\":\"https:\/\/champagne-monmarthe.com\/fr\/product\/douceur-de-bulles\/\",\"name\":\"Douceur de Bulles - Champagne Monmarthe\",\"isPartOf\":{\"@id\":\"https:\/\/champagne-monmarthe.com\/#website\"},\"primaryImageOfPage\":{\"@id\":\"https:\/\/champagne-monmarthe.com\/fr\/product\/douceur-de-bulles\/#primaryimage\"},\"image\":{\"@id\":\"https:\/\/champagne-monmarthe.com\/fr\/product\/douceur-de-bulles\/#primaryimage\"},\"thumbnailUrl\":\"https:\/\/champagne-monmarthe.com\/wp-content\/uploads\/2024\/01\/new-bottle2.png\",\"datePublished\":\"2024-01-11T14:18:49+00:00\",\"dateModified\":\"2025-02-17T16:45:28+00:00\",\"breadcrumb\":{\"@id\":\"https:\/\/champagne-monmarthe.com\/fr\/product\/douceur-de-bulles\/#breadcrumb\"},\"inLanguage\":\"fr-FR\",\"potentialAction\":[{\"@type\":\"ReadAction\",\"target\":[\"https:\/\/champagne-monmarthe.com\/fr\/product\/douceur-de-bulles\/\"]}]},{\"@type\":\"ImageObject\",\"inLanguage\":\"fr-FR\",\"@id\":\"https:\/\/champagne-monmarthe.com\/fr\/product\/douceur-de-bulles\/#primaryimage\",\"url\":\"https:\/\/champagne-monmarthe.com\/wp-content\/uploads\/2024\/01\/new-bottle2.png\",\"contentUrl\":\"https:\/\/champagne-monmarthe.com\/wp-content\/uploads\/2024\/01\/new-bottle2.png\",\"width\":1000,\"height\":1000},{\"@type\":\"BreadcrumbList\",\"@id\":\"https:\/\/champagne-monmarthe.com\/fr\/product\/douceur-de-bulles\/#breadcrumb\",\"itemListElement\":[{\"@type\":\"ListItem\",\"position\":1,\"name\":\"Home\",\"item\":\"https:\/\/champagne-monmarthe.com\/fr\/\"},{\"@type\":\"ListItem\",\"position\":2,\"name\":\"Boutique\",\"item\":\"https:\/\/champagne-monmarthe.com\/shop\/\"},{\"@type\":\"ListItem\",\"position\":3,\"name\":\"Douceur de Bulles\"}]},{\"@type\":\"WebSite\",\"@id\":\"https:\/\/champagne-monmarthe.com\/#website\",\"url\":\"https:\/\/champagne-monmarthe.com\/\",\"name\":\"Champagne Monmarthe\",\"description\":\"\",\"publisher\":{\"@id\":\"https:\/\/champagne-monmarthe.com\/#organization\"},\"potentialAction\":[{\"@type\":\"SearchAction\",\"target\":{\"@type\":\"EntryPoint\",\"urlTemplate\":\"https:\/\/champagne-monmarthe.com\/?s={search_term_string}\"},\"query-input\":{\"@type\":\"PropertyValueSpecification\",\"valueRequired\":true,\"valueName\":\"search_term_string\"}}],\"inLanguage\":\"fr-FR\"},{\"@type\":\"Organization\",\"@id\":\"https:\/\/champagne-monmarthe.com\/#organization\",\"name\":\"Champagne Monmarthe\",\"url\":\"https:\/\/champagne-monmarthe.com\/\",\"logo\":{\"@type\":\"ImageObject\",\"inLanguage\":\"fr-FR\",\"@id\":\"https:\/\/champagne-monmarthe.com\/#\/schema\/logo\/image\/\",\"url\":\"https:\/\/champagne-monmarthe.com\/wp-content\/uploads\/2023\/12\/LOGO.svg\",\"contentUrl\":\"https:\/\/champagne-monmarthe.com\/wp-content\/uploads\/2023\/12\/LOGO.svg\",\"width\":206,\"height\":96,\"caption\":\"Champagne Monmarthe\"},\"image\":{\"@id\":\"https:\/\/champagne-monmarthe.com\/#\/schema\/logo\/image\/\"}}]}<\/script>\n<!-- \/ Yoast SEO plugin. -->","yoast_head_json":{"title":"Douceur de Bulles - Champagne Monmarthe","robots":{"index":"index","follow":"follow","max-snippet":"max-snippet:-1","max-image-preview":"max-image-preview:large","max-video-preview":"max-video-preview:-1"},"canonical":"https:\/\/champagne-monmarthe.com\/fr\/product\/douceur-de-bulles\/","og_locale":"fr_FR","og_type":"article","og_title":"Douceur de Bulles - Champagne Monmarthe","og_description":"Gourmandise du dessert\u00a0 Ce champagne demi-sec refl\u00e8te l&rsquo;\u00e9quilibre entre rondeur et fra\u00eecheur. Son assemblage de Pinot Noir, de Meunier et de Chardonnay r\u00e9v\u00e8le des ar\u00f4mes fruit\u00e9s et une bouche ample et persistante. Avec un dosage ma\u00eetris\u00e9, elle se marie parfaitement avec des desserts comme une tarte aux fraises ou une panna cotta, mais peut aussi [&hellip;]","og_url":"https:\/\/champagne-monmarthe.com\/fr\/product\/douceur-de-bulles\/","og_site_name":"Champagne Monmarthe","article_modified_time":"2025-02-17T16:45:28+00:00","og_image":[{"width":1000,"height":1000,"url":"https:\/\/champagne-monmarthe.com\/wp-content\/uploads\/2024\/01\/new-bottle2.png","type":"image\/png"}],"twitter_card":"summary_large_image","twitter_misc":{"Dur\u00e9e de lecture estim\u00e9e":"1 minute"},"schema":{"@context":"https:\/\/schema.org","@graph":[{"@type":"WebPage","@id":"https:\/\/champagne-monmarthe.com\/fr\/product\/douceur-de-bulles\/","url":"https:\/\/champagne-monmarthe.com\/fr\/product\/douceur-de-bulles\/","name":"Douceur de Bulles - Champagne Monmarthe","isPartOf":{"@id":"https:\/\/champagne-monmarthe.com\/#website"},"primaryImageOfPage":{"@id":"https:\/\/champagne-monmarthe.com\/fr\/product\/douceur-de-bulles\/#primaryimage"},"image":{"@id":"https:\/\/champagne-monmarthe.com\/fr\/product\/douceur-de-bulles\/#primaryimage"},"thumbnailUrl":"https:\/\/champagne-monmarthe.com\/wp-content\/uploads\/2024\/01\/new-bottle2.png","datePublished":"2024-01-11T14:18:49+00:00","dateModified":"2025-02-17T16:45:28+00:00","breadcrumb":{"@id":"https:\/\/champagne-monmarthe.com\/fr\/product\/douceur-de-bulles\/#breadcrumb"},"inLanguage":"fr-FR","potentialAction":[{"@type":"ReadAction","target":["https:\/\/champagne-monmarthe.com\/fr\/product\/douceur-de-bulles\/"]}]},{"@type":"ImageObject","inLanguage":"fr-FR","@id":"https:\/\/champagne-monmarthe.com\/fr\/product\/douceur-de-bulles\/#primaryimage","url":"https:\/\/champagne-monmarthe.com\/wp-content\/uploads\/2024\/01\/new-bottle2.png","contentUrl":"https:\/\/champagne-monmarthe.com\/wp-content\/uploads\/2024\/01\/new-bottle2.png","width":1000,"height":1000},{"@type":"BreadcrumbList","@id":"https:\/\/champagne-monmarthe.com\/fr\/product\/douceur-de-bulles\/#breadcrumb","itemListElement":[{"@type":"ListItem","position":1,"name":"Home","item":"https:\/\/champagne-monmarthe.com\/fr\/"},{"@type":"ListItem","position":2,"name":"Boutique","item":"https:\/\/champagne-monmarthe.com\/shop\/"},{"@type":"ListItem","position":3,"name":"Douceur de Bulles"}]},{"@type":"WebSite","@id":"https:\/\/champagne-monmarthe.com\/#website","url":"https:\/\/champagne-monmarthe.com\/","name":"Champagne Monmarthe","description":"","publisher":{"@id":"https:\/\/champagne-monmarthe.com\/#organization"},"potentialAction":[{"@type":"SearchAction","target":{"@type":"EntryPoint","urlTemplate":"https:\/\/champagne-monmarthe.com\/?s={search_term_string}"},"query-input":{"@type":"PropertyValueSpecification","valueRequired":true,"valueName":"search_term_string"}}],"inLanguage":"fr-FR"},{"@type":"Organization","@id":"https:\/\/champagne-monmarthe.com\/#organization","name":"Champagne Monmarthe","url":"https:\/\/champagne-monmarthe.com\/","logo":{"@type":"ImageObject","inLanguage":"fr-FR","@id":"https:\/\/champagne-monmarthe.com\/#\/schema\/logo\/image\/","url":"https:\/\/champagne-monmarthe.com\/wp-content\/uploads\/2023\/12\/LOGO.svg","contentUrl":"https:\/\/champagne-monmarthe.com\/wp-content\/uploads\/2023\/12\/LOGO.svg","width":206,"height":96,"caption":"Champagne Monmarthe"},"image":{"@id":"https:\/\/champagne-monmarthe.com\/#\/schema\/logo\/image\/"}}]}},"_links":{"self":[{"href":"https:\/\/champagne-monmarthe.com\/fr\/wp-json\/wp\/v2\/product\/1874","targetHints":{"allow":["GET"]}}],"collection":[{"href":"https:\/\/champagne-monmarthe.com\/fr\/wp-json\/wp\/v2\/product"}],"about":[{"href":"https:\/\/champagne-monmarthe.com\/fr\/wp-json\/wp\/v2\/types\/product"}],"replies":[{"embeddable":true,"href":"https:\/\/champagne-monmarthe.com\/fr\/wp-json\/wp\/v2\/comments?post=1874"}],"wp:featuredmedia":[{"embeddable":true,"href":"https:\/\/champagne-monmarthe.com\/fr\/wp-json\/wp\/v2\/media\/1875"}],"wp:attachment":[{"href":"https:\/\/champagne-monmarthe.com\/fr\/wp-json\/wp\/v2\/media?parent=1874"}],"wp:term":[{"taxonomy":"product_cat","embeddable":true,"href":"https:\/\/champagne-monmarthe.com\/fr\/wp-json\/wp\/v2\/product_cat?post=1874"},{"taxonomy":"product_tag","embeddable":true,"href":"https:\/\/champagne-monmarthe.com\/fr\/wp-json\/wp\/v2\/product_tag?post=1874"}],"curies":[{"name":"wp","href":"https:\/\/api.w.org\/{rel}","templated":true}]}}