{"id":1871,"date":"2024-01-11T14:20:20","date_gmt":"2024-01-11T14:20:20","guid":{"rendered":"https:\/\/champagne-monmarthe.com\/product\/rose-de-ludes\/"},"modified":"2025-02-17T16:40:10","modified_gmt":"2025-02-17T16:40:10","slug":"rose-de-ludes","status":"publish","type":"product","link":"https:\/\/champagne-monmarthe.com\/fr\/product\/rose-de-ludes\/","title":{"rendered":"Rose de Ludes"},"content":{"rendered":"<p><strong><u>La quintessence de l\u2019assemblage<\/u><\/strong><\/p>\n<p>L\u00e9g\u00e8rement ros\u00e9 et fruit\u00e9, ce champagne brut fait la part belle aux <strong>Pinots Noir<\/strong> et <strong>Meunier<\/strong>, avec une touche de <strong>Chardonnay<\/strong> pour arrondir l\u2019ensemble. Son <strong>vieillissement de trois ans<\/strong> sur lies lui apporte une belle min\u00e9ralit\u00e9, tandis que les ar\u00f4mes de fruits rouges et de cassis apportent de la fra\u00eecheur.<\/p>\n<p>Son \u00e9quilibre, entre vivacit\u00e9 et rondeur, fait de lui un <strong>champagne facile \u00e0 appr\u00e9cier<\/strong> pour accompagner des plats de fruits de mer ou un dessert au chocolat.<\/p>\n<p>Cette cuv\u00e9e est disponible en bouteille (75cl)<\/p>\n","protected":false},"excerpt":{"rendered":"<p>La quintessence de l\u2019assemblage L\u00e9g\u00e8rement ros\u00e9 et fruit\u00e9, ce champagne brut fait la part belle aux Pinots Noir et Meunier, avec une touche de Chardonnay pour arrondir l\u2019ensemble. Son vieillissement de trois ans sur lies lui apporte une belle min\u00e9ralit\u00e9, tandis que les ar\u00f4mes de fruits rouges et de cassis apportent de la fra\u00eecheur. Son [&hellip;]<\/p>\n","protected":false},"featured_media":1872,"comment_status":"open","ping_status":"closed","template":"","meta":[],"product_cat":[47],"product_tag":[],"class_list":{"0":"post-1871","1":"product","2":"type-product","3":"status-publish","4":"has-post-thumbnail","6":"product_cat-premier-cru-rose-fr","8":"first","9":"outofstock","10":"shipping-taxable","11":"product-type-variable","12":"has-default-attributes"},"yoast_head":"<!-- This site is optimized with the Yoast SEO plugin v23.4 - https:\/\/yoast.com\/wordpress\/plugins\/seo\/ -->\n<title>Rose de Ludes - Champagne Monmarthe<\/title>\n<meta name=\"robots\" content=\"index, follow, max-snippet:-1, max-image-preview:large, max-video-preview:-1\" \/>\n<link rel=\"canonical\" href=\"https:\/\/champagne-monmarthe.com\/fr\/product\/rose-de-ludes\/\" \/>\n<meta property=\"og:locale\" content=\"fr_FR\" \/>\n<meta property=\"og:type\" content=\"article\" \/>\n<meta property=\"og:title\" content=\"Rose de Ludes - Champagne Monmarthe\" \/>\n<meta property=\"og:description\" content=\"La quintessence de l\u2019assemblage L\u00e9g\u00e8rement ros\u00e9 et fruit\u00e9, ce champagne brut fait la part belle aux Pinots Noir et Meunier, avec une touche de Chardonnay pour arrondir l\u2019ensemble. Son vieillissement de trois ans sur lies lui apporte une belle min\u00e9ralit\u00e9, tandis que les ar\u00f4mes de fruits rouges et de cassis apportent de la fra\u00eecheur. Son [&hellip;]\" \/>\n<meta property=\"og:url\" content=\"https:\/\/champagne-monmarthe.com\/fr\/product\/rose-de-ludes\/\" \/>\n<meta property=\"og:site_name\" content=\"Champagne Monmarthe\" \/>\n<meta property=\"article:modified_time\" content=\"2025-02-17T16:40:10+00:00\" \/>\n<meta property=\"og:image\" content=\"https:\/\/champagne-monmarthe.com\/wp-content\/uploads\/2024\/01\/new-bottle5.png\" \/>\n\t<meta property=\"og:image:width\" content=\"1000\" \/>\n\t<meta property=\"og:image:height\" content=\"1000\" \/>\n\t<meta property=\"og:image:type\" content=\"image\/png\" \/>\n<meta name=\"twitter:card\" content=\"summary_large_image\" \/>\n<meta name=\"twitter:label1\" content=\"Dur\u00e9e de lecture estim\u00e9e\" \/>\n\t<meta name=\"twitter:data1\" content=\"1 minute\" \/>\n<script type=\"application\/ld+json\" class=\"yoast-schema-graph\">{\"@context\":\"https:\/\/schema.org\",\"@graph\":[{\"@type\":\"WebPage\",\"@id\":\"https:\/\/champagne-monmarthe.com\/fr\/product\/rose-de-ludes\/\",\"url\":\"https:\/\/champagne-monmarthe.com\/fr\/product\/rose-de-ludes\/\",\"name\":\"Rose de Ludes - Champagne Monmarthe\",\"isPartOf\":{\"@id\":\"https:\/\/champagne-monmarthe.com\/#website\"},\"primaryImageOfPage\":{\"@id\":\"https:\/\/champagne-monmarthe.com\/fr\/product\/rose-de-ludes\/#primaryimage\"},\"image\":{\"@id\":\"https:\/\/champagne-monmarthe.com\/fr\/product\/rose-de-ludes\/#primaryimage\"},\"thumbnailUrl\":\"https:\/\/champagne-monmarthe.com\/wp-content\/uploads\/2024\/01\/new-bottle5.png\",\"datePublished\":\"2024-01-11T14:20:20+00:00\",\"dateModified\":\"2025-02-17T16:40:10+00:00\",\"breadcrumb\":{\"@id\":\"https:\/\/champagne-monmarthe.com\/fr\/product\/rose-de-ludes\/#breadcrumb\"},\"inLanguage\":\"fr-FR\",\"potentialAction\":[{\"@type\":\"ReadAction\",\"target\":[\"https:\/\/champagne-monmarthe.com\/fr\/product\/rose-de-ludes\/\"]}]},{\"@type\":\"ImageObject\",\"inLanguage\":\"fr-FR\",\"@id\":\"https:\/\/champagne-monmarthe.com\/fr\/product\/rose-de-ludes\/#primaryimage\",\"url\":\"https:\/\/champagne-monmarthe.com\/wp-content\/uploads\/2024\/01\/new-bottle5.png\",\"contentUrl\":\"https:\/\/champagne-monmarthe.com\/wp-content\/uploads\/2024\/01\/new-bottle5.png\",\"width\":1000,\"height\":1000},{\"@type\":\"BreadcrumbList\",\"@id\":\"https:\/\/champagne-monmarthe.com\/fr\/product\/rose-de-ludes\/#breadcrumb\",\"itemListElement\":[{\"@type\":\"ListItem\",\"position\":1,\"name\":\"Home\",\"item\":\"https:\/\/champagne-monmarthe.com\/fr\/\"},{\"@type\":\"ListItem\",\"position\":2,\"name\":\"Boutique\",\"item\":\"https:\/\/champagne-monmarthe.com\/shop\/\"},{\"@type\":\"ListItem\",\"position\":3,\"name\":\"Rose de Ludes\"}]},{\"@type\":\"WebSite\",\"@id\":\"https:\/\/champagne-monmarthe.com\/#website\",\"url\":\"https:\/\/champagne-monmarthe.com\/\",\"name\":\"Champagne Monmarthe\",\"description\":\"\",\"publisher\":{\"@id\":\"https:\/\/champagne-monmarthe.com\/#organization\"},\"potentialAction\":[{\"@type\":\"SearchAction\",\"target\":{\"@type\":\"EntryPoint\",\"urlTemplate\":\"https:\/\/champagne-monmarthe.com\/?s={search_term_string}\"},\"query-input\":{\"@type\":\"PropertyValueSpecification\",\"valueRequired\":true,\"valueName\":\"search_term_string\"}}],\"inLanguage\":\"fr-FR\"},{\"@type\":\"Organization\",\"@id\":\"https:\/\/champagne-monmarthe.com\/#organization\",\"name\":\"Champagne Monmarthe\",\"url\":\"https:\/\/champagne-monmarthe.com\/\",\"logo\":{\"@type\":\"ImageObject\",\"inLanguage\":\"fr-FR\",\"@id\":\"https:\/\/champagne-monmarthe.com\/#\/schema\/logo\/image\/\",\"url\":\"https:\/\/champagne-monmarthe.com\/wp-content\/uploads\/2023\/12\/LOGO.svg\",\"contentUrl\":\"https:\/\/champagne-monmarthe.com\/wp-content\/uploads\/2023\/12\/LOGO.svg\",\"width\":206,\"height\":96,\"caption\":\"Champagne Monmarthe\"},\"image\":{\"@id\":\"https:\/\/champagne-monmarthe.com\/#\/schema\/logo\/image\/\"}}]}<\/script>\n<!-- \/ Yoast SEO plugin. -->","yoast_head_json":{"title":"Rose de Ludes - Champagne Monmarthe","robots":{"index":"index","follow":"follow","max-snippet":"max-snippet:-1","max-image-preview":"max-image-preview:large","max-video-preview":"max-video-preview:-1"},"canonical":"https:\/\/champagne-monmarthe.com\/fr\/product\/rose-de-ludes\/","og_locale":"fr_FR","og_type":"article","og_title":"Rose de Ludes - Champagne Monmarthe","og_description":"La quintessence de l\u2019assemblage L\u00e9g\u00e8rement ros\u00e9 et fruit\u00e9, ce champagne brut fait la part belle aux Pinots Noir et Meunier, avec une touche de Chardonnay pour arrondir l\u2019ensemble. Son vieillissement de trois ans sur lies lui apporte une belle min\u00e9ralit\u00e9, tandis que les ar\u00f4mes de fruits rouges et de cassis apportent de la fra\u00eecheur. Son [&hellip;]","og_url":"https:\/\/champagne-monmarthe.com\/fr\/product\/rose-de-ludes\/","og_site_name":"Champagne Monmarthe","article_modified_time":"2025-02-17T16:40:10+00:00","og_image":[{"width":1000,"height":1000,"url":"https:\/\/champagne-monmarthe.com\/wp-content\/uploads\/2024\/01\/new-bottle5.png","type":"image\/png"}],"twitter_card":"summary_large_image","twitter_misc":{"Dur\u00e9e de lecture estim\u00e9e":"1 minute"},"schema":{"@context":"https:\/\/schema.org","@graph":[{"@type":"WebPage","@id":"https:\/\/champagne-monmarthe.com\/fr\/product\/rose-de-ludes\/","url":"https:\/\/champagne-monmarthe.com\/fr\/product\/rose-de-ludes\/","name":"Rose de Ludes - Champagne Monmarthe","isPartOf":{"@id":"https:\/\/champagne-monmarthe.com\/#website"},"primaryImageOfPage":{"@id":"https:\/\/champagne-monmarthe.com\/fr\/product\/rose-de-ludes\/#primaryimage"},"image":{"@id":"https:\/\/champagne-monmarthe.com\/fr\/product\/rose-de-ludes\/#primaryimage"},"thumbnailUrl":"https:\/\/champagne-monmarthe.com\/wp-content\/uploads\/2024\/01\/new-bottle5.png","datePublished":"2024-01-11T14:20:20+00:00","dateModified":"2025-02-17T16:40:10+00:00","breadcrumb":{"@id":"https:\/\/champagne-monmarthe.com\/fr\/product\/rose-de-ludes\/#breadcrumb"},"inLanguage":"fr-FR","potentialAction":[{"@type":"ReadAction","target":["https:\/\/champagne-monmarthe.com\/fr\/product\/rose-de-ludes\/"]}]},{"@type":"ImageObject","inLanguage":"fr-FR","@id":"https:\/\/champagne-monmarthe.com\/fr\/product\/rose-de-ludes\/#primaryimage","url":"https:\/\/champagne-monmarthe.com\/wp-content\/uploads\/2024\/01\/new-bottle5.png","contentUrl":"https:\/\/champagne-monmarthe.com\/wp-content\/uploads\/2024\/01\/new-bottle5.png","width":1000,"height":1000},{"@type":"BreadcrumbList","@id":"https:\/\/champagne-monmarthe.com\/fr\/product\/rose-de-ludes\/#breadcrumb","itemListElement":[{"@type":"ListItem","position":1,"name":"Home","item":"https:\/\/champagne-monmarthe.com\/fr\/"},{"@type":"ListItem","position":2,"name":"Boutique","item":"https:\/\/champagne-monmarthe.com\/shop\/"},{"@type":"ListItem","position":3,"name":"Rose de Ludes"}]},{"@type":"WebSite","@id":"https:\/\/champagne-monmarthe.com\/#website","url":"https:\/\/champagne-monmarthe.com\/","name":"Champagne Monmarthe","description":"","publisher":{"@id":"https:\/\/champagne-monmarthe.com\/#organization"},"potentialAction":[{"@type":"SearchAction","target":{"@type":"EntryPoint","urlTemplate":"https:\/\/champagne-monmarthe.com\/?s={search_term_string}"},"query-input":{"@type":"PropertyValueSpecification","valueRequired":true,"valueName":"search_term_string"}}],"inLanguage":"fr-FR"},{"@type":"Organization","@id":"https:\/\/champagne-monmarthe.com\/#organization","name":"Champagne Monmarthe","url":"https:\/\/champagne-monmarthe.com\/","logo":{"@type":"ImageObject","inLanguage":"fr-FR","@id":"https:\/\/champagne-monmarthe.com\/#\/schema\/logo\/image\/","url":"https:\/\/champagne-monmarthe.com\/wp-content\/uploads\/2023\/12\/LOGO.svg","contentUrl":"https:\/\/champagne-monmarthe.com\/wp-content\/uploads\/2023\/12\/LOGO.svg","width":206,"height":96,"caption":"Champagne Monmarthe"},"image":{"@id":"https:\/\/champagne-monmarthe.com\/#\/schema\/logo\/image\/"}}]}},"_links":{"self":[{"href":"https:\/\/champagne-monmarthe.com\/fr\/wp-json\/wp\/v2\/product\/1871","targetHints":{"allow":["GET"]}}],"collection":[{"href":"https:\/\/champagne-monmarthe.com\/fr\/wp-json\/wp\/v2\/product"}],"about":[{"href":"https:\/\/champagne-monmarthe.com\/fr\/wp-json\/wp\/v2\/types\/product"}],"replies":[{"embeddable":true,"href":"https:\/\/champagne-monmarthe.com\/fr\/wp-json\/wp\/v2\/comments?post=1871"}],"wp:featuredmedia":[{"embeddable":true,"href":"https:\/\/champagne-monmarthe.com\/fr\/wp-json\/wp\/v2\/media\/1872"}],"wp:attachment":[{"href":"https:\/\/champagne-monmarthe.com\/fr\/wp-json\/wp\/v2\/media?parent=1871"}],"wp:term":[{"taxonomy":"product_cat","embeddable":true,"href":"https:\/\/champagne-monmarthe.com\/fr\/wp-json\/wp\/v2\/product_cat?post=1871"},{"taxonomy":"product_tag","embeddable":true,"href":"https:\/\/champagne-monmarthe.com\/fr\/wp-json\/wp\/v2\/product_tag?post=1871"}],"curies":[{"name":"wp","href":"https:\/\/api.w.org\/{rel}","templated":true}]}}