{"id":1867,"date":"2024-01-11T14:25:37","date_gmt":"2024-01-11T14:25:37","guid":{"rendered":"https:\/\/champagne-monmarthe.com\/product\/privilege\/"},"modified":"2025-07-11T12:05:16","modified_gmt":"2025-07-11T12:05:16","slug":"privilege","status":"publish","type":"product","link":"https:\/\/champagne-monmarthe.com\/fr\/product\/privilege\/","title":{"rendered":"Privil\u00e8ge"},"content":{"rendered":"<p><strong><u>D\u00e9licatesse et finesse \u00e0 partager<\/u><\/strong><\/p>\n<p>Assembl\u00e9 \u00e0 50% de <strong>Pinot Noir<\/strong> et 50% de <strong>Chardonnay<\/strong>, ce champagne brut fait preuve d\u2019une belle amplitude tout en restant pr\u00e9cis. Son <strong>vieillissement de trois ans<\/strong> sur lies apporte de la profondeur, avec des notes d\u2019agrumes qui se m\u00ealent \u00e0 une bouche fine et bien \u00e9quilibr\u00e9e.<\/p>\n<p><strong>Id\u00e9ale pour un ap\u00e9ritif raffin\u00e9<\/strong> ou des mets comme le foie gras, cette cuv\u00e9e incarne la recherche d\u2019une grande finesse, sans artifices.<\/p>\n<p>Cette cuv\u00e9e se d\u00e9cline en bouteille (75cl) et en magnum (150cl)<\/p>\n","protected":false},"excerpt":{"rendered":"<p>D\u00e9licatesse et finesse \u00e0 partager Assembl\u00e9 \u00e0 50% de Pinot Noir et 50% de Chardonnay, ce champagne brut fait preuve d\u2019une belle amplitude tout en restant pr\u00e9cis. Son vieillissement de trois ans sur lies apporte de la profondeur, avec des notes d\u2019agrumes qui se m\u00ealent \u00e0 une bouche fine et bien \u00e9quilibr\u00e9e. Id\u00e9ale pour un [&hellip;]<\/p>\n","protected":false},"featured_media":1868,"comment_status":"open","ping_status":"closed","template":"","meta":[],"product_cat":[45,44],"product_tag":[],"class_list":{"0":"post-1867","1":"product","2":"type-product","3":"status-publish","4":"has-post-thumbnail","6":"product_cat-brut-fr","7":"product_cat-premier-cru-fr","9":"first","10":"instock","11":"shipping-taxable","12":"purchasable","13":"product-type-variable","14":"has-default-attributes"},"yoast_head":"<!-- This site is optimized with the Yoast SEO plugin v23.4 - https:\/\/yoast.com\/wordpress\/plugins\/seo\/ -->\n<title>Privil\u00e8ge - Champagne Monmarthe<\/title>\n<meta name=\"description\" content=\"Issue de l&#039;assemblage du Chardonnay et du Pinot Noir dans un \u00e9quilibre parfait (50\/50), cette cuv\u00e9e retiendra toute votre attention.\" \/>\n<meta name=\"robots\" content=\"index, follow, max-snippet:-1, max-image-preview:large, max-video-preview:-1\" \/>\n<link rel=\"canonical\" href=\"https:\/\/champagne-monmarthe.com\/fr\/product\/privilege\/\" \/>\n<meta property=\"og:locale\" content=\"fr_FR\" \/>\n<meta property=\"og:type\" content=\"article\" \/>\n<meta property=\"og:title\" content=\"Privil\u00e8ge - Champagne Monmarthe\" \/>\n<meta property=\"og:description\" content=\"Issue de l&#039;assemblage du Chardonnay et du Pinot Noir dans un \u00e9quilibre parfait (50\/50), cette cuv\u00e9e retiendra toute votre attention.\" \/>\n<meta property=\"og:url\" content=\"https:\/\/champagne-monmarthe.com\/fr\/product\/privilege\/\" \/>\n<meta property=\"og:site_name\" content=\"Champagne Monmarthe\" \/>\n<meta property=\"article:modified_time\" content=\"2025-07-11T12:05:16+00:00\" \/>\n<meta property=\"og:image\" content=\"https:\/\/champagne-monmarthe.com\/wp-content\/uploads\/2024\/01\/new-bottle3.png\" \/>\n\t<meta property=\"og:image:width\" content=\"1000\" \/>\n\t<meta property=\"og:image:height\" content=\"1000\" \/>\n\t<meta property=\"og:image:type\" content=\"image\/png\" \/>\n<meta name=\"twitter:card\" content=\"summary_large_image\" \/>\n<meta name=\"twitter:label1\" content=\"Dur\u00e9e de lecture estim\u00e9e\" \/>\n\t<meta name=\"twitter:data1\" content=\"1 minute\" \/>\n<script type=\"application\/ld+json\" class=\"yoast-schema-graph\">{\"@context\":\"https:\/\/schema.org\",\"@graph\":[{\"@type\":\"WebPage\",\"@id\":\"https:\/\/champagne-monmarthe.com\/fr\/product\/privilege\/\",\"url\":\"https:\/\/champagne-monmarthe.com\/fr\/product\/privilege\/\",\"name\":\"Privil\u00e8ge - Champagne Monmarthe\",\"isPartOf\":{\"@id\":\"https:\/\/champagne-monmarthe.com\/#website\"},\"primaryImageOfPage\":{\"@id\":\"https:\/\/champagne-monmarthe.com\/fr\/product\/privilege\/#primaryimage\"},\"image\":{\"@id\":\"https:\/\/champagne-monmarthe.com\/fr\/product\/privilege\/#primaryimage\"},\"thumbnailUrl\":\"https:\/\/champagne-monmarthe.com\/wp-content\/uploads\/2024\/01\/new-bottle3.png\",\"datePublished\":\"2024-01-11T14:25:37+00:00\",\"dateModified\":\"2025-07-11T12:05:16+00:00\",\"description\":\"Issue de l'assemblage du Chardonnay et du Pinot Noir dans un \u00e9quilibre parfait (50\/50), cette cuv\u00e9e retiendra toute votre attention.\",\"breadcrumb\":{\"@id\":\"https:\/\/champagne-monmarthe.com\/fr\/product\/privilege\/#breadcrumb\"},\"inLanguage\":\"fr-FR\",\"potentialAction\":[{\"@type\":\"ReadAction\",\"target\":[\"https:\/\/champagne-monmarthe.com\/fr\/product\/privilege\/\"]}]},{\"@type\":\"ImageObject\",\"inLanguage\":\"fr-FR\",\"@id\":\"https:\/\/champagne-monmarthe.com\/fr\/product\/privilege\/#primaryimage\",\"url\":\"https:\/\/champagne-monmarthe.com\/wp-content\/uploads\/2024\/01\/new-bottle3.png\",\"contentUrl\":\"https:\/\/champagne-monmarthe.com\/wp-content\/uploads\/2024\/01\/new-bottle3.png\",\"width\":1000,\"height\":1000},{\"@type\":\"BreadcrumbList\",\"@id\":\"https:\/\/champagne-monmarthe.com\/fr\/product\/privilege\/#breadcrumb\",\"itemListElement\":[{\"@type\":\"ListItem\",\"position\":1,\"name\":\"Home\",\"item\":\"https:\/\/champagne-monmarthe.com\/fr\/\"},{\"@type\":\"ListItem\",\"position\":2,\"name\":\"Boutique\",\"item\":\"https:\/\/champagne-monmarthe.com\/shop\/\"},{\"@type\":\"ListItem\",\"position\":3,\"name\":\"Privil\u00e8ge\"}]},{\"@type\":\"WebSite\",\"@id\":\"https:\/\/champagne-monmarthe.com\/#website\",\"url\":\"https:\/\/champagne-monmarthe.com\/\",\"name\":\"Champagne Monmarthe\",\"description\":\"\",\"publisher\":{\"@id\":\"https:\/\/champagne-monmarthe.com\/#organization\"},\"potentialAction\":[{\"@type\":\"SearchAction\",\"target\":{\"@type\":\"EntryPoint\",\"urlTemplate\":\"https:\/\/champagne-monmarthe.com\/?s={search_term_string}\"},\"query-input\":{\"@type\":\"PropertyValueSpecification\",\"valueRequired\":true,\"valueName\":\"search_term_string\"}}],\"inLanguage\":\"fr-FR\"},{\"@type\":\"Organization\",\"@id\":\"https:\/\/champagne-monmarthe.com\/#organization\",\"name\":\"Champagne Monmarthe\",\"url\":\"https:\/\/champagne-monmarthe.com\/\",\"logo\":{\"@type\":\"ImageObject\",\"inLanguage\":\"fr-FR\",\"@id\":\"https:\/\/champagne-monmarthe.com\/#\/schema\/logo\/image\/\",\"url\":\"https:\/\/champagne-monmarthe.com\/wp-content\/uploads\/2023\/12\/LOGO.svg\",\"contentUrl\":\"https:\/\/champagne-monmarthe.com\/wp-content\/uploads\/2023\/12\/LOGO.svg\",\"width\":206,\"height\":96,\"caption\":\"Champagne Monmarthe\"},\"image\":{\"@id\":\"https:\/\/champagne-monmarthe.com\/#\/schema\/logo\/image\/\"}}]}<\/script>\n<!-- \/ Yoast SEO plugin. -->","yoast_head_json":{"title":"Privil\u00e8ge - Champagne Monmarthe","description":"Issue de l'assemblage du Chardonnay et du Pinot Noir dans un \u00e9quilibre parfait (50\/50), cette cuv\u00e9e retiendra toute votre attention.","robots":{"index":"index","follow":"follow","max-snippet":"max-snippet:-1","max-image-preview":"max-image-preview:large","max-video-preview":"max-video-preview:-1"},"canonical":"https:\/\/champagne-monmarthe.com\/fr\/product\/privilege\/","og_locale":"fr_FR","og_type":"article","og_title":"Privil\u00e8ge - Champagne Monmarthe","og_description":"Issue de l'assemblage du Chardonnay et du Pinot Noir dans un \u00e9quilibre parfait (50\/50), cette cuv\u00e9e retiendra toute votre attention.","og_url":"https:\/\/champagne-monmarthe.com\/fr\/product\/privilege\/","og_site_name":"Champagne Monmarthe","article_modified_time":"2025-07-11T12:05:16+00:00","og_image":[{"width":1000,"height":1000,"url":"https:\/\/champagne-monmarthe.com\/wp-content\/uploads\/2024\/01\/new-bottle3.png","type":"image\/png"}],"twitter_card":"summary_large_image","twitter_misc":{"Dur\u00e9e de lecture estim\u00e9e":"1 minute"},"schema":{"@context":"https:\/\/schema.org","@graph":[{"@type":"WebPage","@id":"https:\/\/champagne-monmarthe.com\/fr\/product\/privilege\/","url":"https:\/\/champagne-monmarthe.com\/fr\/product\/privilege\/","name":"Privil\u00e8ge - Champagne Monmarthe","isPartOf":{"@id":"https:\/\/champagne-monmarthe.com\/#website"},"primaryImageOfPage":{"@id":"https:\/\/champagne-monmarthe.com\/fr\/product\/privilege\/#primaryimage"},"image":{"@id":"https:\/\/champagne-monmarthe.com\/fr\/product\/privilege\/#primaryimage"},"thumbnailUrl":"https:\/\/champagne-monmarthe.com\/wp-content\/uploads\/2024\/01\/new-bottle3.png","datePublished":"2024-01-11T14:25:37+00:00","dateModified":"2025-07-11T12:05:16+00:00","description":"Issue de l'assemblage du Chardonnay et du Pinot Noir dans un \u00e9quilibre parfait (50\/50), cette cuv\u00e9e retiendra toute votre attention.","breadcrumb":{"@id":"https:\/\/champagne-monmarthe.com\/fr\/product\/privilege\/#breadcrumb"},"inLanguage":"fr-FR","potentialAction":[{"@type":"ReadAction","target":["https:\/\/champagne-monmarthe.com\/fr\/product\/privilege\/"]}]},{"@type":"ImageObject","inLanguage":"fr-FR","@id":"https:\/\/champagne-monmarthe.com\/fr\/product\/privilege\/#primaryimage","url":"https:\/\/champagne-monmarthe.com\/wp-content\/uploads\/2024\/01\/new-bottle3.png","contentUrl":"https:\/\/champagne-monmarthe.com\/wp-content\/uploads\/2024\/01\/new-bottle3.png","width":1000,"height":1000},{"@type":"BreadcrumbList","@id":"https:\/\/champagne-monmarthe.com\/fr\/product\/privilege\/#breadcrumb","itemListElement":[{"@type":"ListItem","position":1,"name":"Home","item":"https:\/\/champagne-monmarthe.com\/fr\/"},{"@type":"ListItem","position":2,"name":"Boutique","item":"https:\/\/champagne-monmarthe.com\/shop\/"},{"@type":"ListItem","position":3,"name":"Privil\u00e8ge"}]},{"@type":"WebSite","@id":"https:\/\/champagne-monmarthe.com\/#website","url":"https:\/\/champagne-monmarthe.com\/","name":"Champagne Monmarthe","description":"","publisher":{"@id":"https:\/\/champagne-monmarthe.com\/#organization"},"potentialAction":[{"@type":"SearchAction","target":{"@type":"EntryPoint","urlTemplate":"https:\/\/champagne-monmarthe.com\/?s={search_term_string}"},"query-input":{"@type":"PropertyValueSpecification","valueRequired":true,"valueName":"search_term_string"}}],"inLanguage":"fr-FR"},{"@type":"Organization","@id":"https:\/\/champagne-monmarthe.com\/#organization","name":"Champagne Monmarthe","url":"https:\/\/champagne-monmarthe.com\/","logo":{"@type":"ImageObject","inLanguage":"fr-FR","@id":"https:\/\/champagne-monmarthe.com\/#\/schema\/logo\/image\/","url":"https:\/\/champagne-monmarthe.com\/wp-content\/uploads\/2023\/12\/LOGO.svg","contentUrl":"https:\/\/champagne-monmarthe.com\/wp-content\/uploads\/2023\/12\/LOGO.svg","width":206,"height":96,"caption":"Champagne Monmarthe"},"image":{"@id":"https:\/\/champagne-monmarthe.com\/#\/schema\/logo\/image\/"}}]}},"_links":{"self":[{"href":"https:\/\/champagne-monmarthe.com\/fr\/wp-json\/wp\/v2\/product\/1867","targetHints":{"allow":["GET"]}}],"collection":[{"href":"https:\/\/champagne-monmarthe.com\/fr\/wp-json\/wp\/v2\/product"}],"about":[{"href":"https:\/\/champagne-monmarthe.com\/fr\/wp-json\/wp\/v2\/types\/product"}],"replies":[{"embeddable":true,"href":"https:\/\/champagne-monmarthe.com\/fr\/wp-json\/wp\/v2\/comments?post=1867"}],"wp:featuredmedia":[{"embeddable":true,"href":"https:\/\/champagne-monmarthe.com\/fr\/wp-json\/wp\/v2\/media\/1868"}],"wp:attachment":[{"href":"https:\/\/champagne-monmarthe.com\/fr\/wp-json\/wp\/v2\/media?parent=1867"}],"wp:term":[{"taxonomy":"product_cat","embeddable":true,"href":"https:\/\/champagne-monmarthe.com\/fr\/wp-json\/wp\/v2\/product_cat?post=1867"},{"taxonomy":"product_tag","embeddable":true,"href":"https:\/\/champagne-monmarthe.com\/fr\/wp-json\/wp\/v2\/product_tag?post=1867"}],"curies":[{"name":"wp","href":"https:\/\/api.w.org\/{rel}","templated":true}]}}