{"id":1863,"date":"2024-01-11T16:14:05","date_gmt":"2024-01-11T16:14:05","guid":{"rendered":"https:\/\/champagne-monmarthe.com\/product\/secret-de-famille\/"},"modified":"2025-02-17T16:43:05","modified_gmt":"2025-02-17T16:43:05","slug":"secret-de-famille","status":"publish","type":"product","link":"https:\/\/champagne-monmarthe.com\/fr\/product\/secret-de-famille\/","title":{"rendered":"Secret de famille"},"content":{"rendered":"<p><strong><u>Plaisir de tous les instants<\/u><\/strong><\/p>\n<p>Cr\u00e9\u00e9e en 1930, cette cuv\u00e9e incarne l\u2019<strong>histoire et le savoir-faire de notre Domaine<\/strong>. Son assemblage de <strong>Pinot Noir<\/strong>, <strong>Meunier<\/strong> et <strong>Chardonnay<\/strong> lui conf\u00e8re une belle rondeur, avec des ar\u00f4mes de fruits m\u00fbrs et une touche l\u00e9g\u00e8rement mielleuse.<\/p>\n<p>Id\u00e9ale pour les ap\u00e9ritifs ou les moments de convivialit\u00e9, elle offre une exp\u00e9rience authentique, fid\u00e8le \u00e0 l\u2019<strong>esprit familial de la Maison Monmarthe<\/strong>.<\/p>\n<p>Cette cuv\u00e9e se d\u00e9cline en bouteille (75cl) et demi-bouteille (37.5cl)<\/p>\n","protected":false},"excerpt":{"rendered":"<p>Plaisir de tous les instants Cr\u00e9\u00e9e en 1930, cette cuv\u00e9e incarne l\u2019histoire et le savoir-faire de notre Domaine. Son assemblage de Pinot Noir, Meunier et Chardonnay lui conf\u00e8re une belle rondeur, avec des ar\u00f4mes de fruits m\u00fbrs et une touche l\u00e9g\u00e8rement mielleuse. Id\u00e9ale pour les ap\u00e9ritifs ou les moments de convivialit\u00e9, elle offre une exp\u00e9rience [&hellip;]<\/p>\n","protected":false},"featured_media":1864,"comment_status":"open","ping_status":"closed","template":"","meta":[],"product_cat":[45,44],"product_tag":[],"class_list":{"0":"post-1863","1":"product","2":"type-product","3":"status-publish","4":"has-post-thumbnail","6":"product_cat-brut-fr","7":"product_cat-premier-cru-fr","9":"first","10":"instock","11":"shipping-taxable","12":"purchasable","13":"product-type-variable","14":"has-default-attributes"},"yoast_head":"<!-- This site is optimized with the Yoast SEO plugin v23.4 - https:\/\/yoast.com\/wordpress\/plugins\/seo\/ -->\n<title>Secret de famille - Champagne Monmarthe<\/title>\n<meta name=\"robots\" content=\"index, follow, max-snippet:-1, max-image-preview:large, max-video-preview:-1\" \/>\n<link rel=\"canonical\" href=\"https:\/\/champagne-monmarthe.com\/fr\/product\/secret-de-famille\/\" \/>\n<meta property=\"og:locale\" content=\"fr_FR\" \/>\n<meta property=\"og:type\" content=\"article\" \/>\n<meta property=\"og:title\" content=\"Secret de famille - Champagne Monmarthe\" \/>\n<meta property=\"og:description\" content=\"Plaisir de tous les instants Cr\u00e9\u00e9e en 1930, cette cuv\u00e9e incarne l\u2019histoire et le savoir-faire de notre Domaine. Son assemblage de Pinot Noir, Meunier et Chardonnay lui conf\u00e8re une belle rondeur, avec des ar\u00f4mes de fruits m\u00fbrs et une touche l\u00e9g\u00e8rement mielleuse. Id\u00e9ale pour les ap\u00e9ritifs ou les moments de convivialit\u00e9, elle offre une exp\u00e9rience [&hellip;]\" \/>\n<meta property=\"og:url\" content=\"https:\/\/champagne-monmarthe.com\/fr\/product\/secret-de-famille\/\" \/>\n<meta property=\"og:site_name\" content=\"Champagne Monmarthe\" \/>\n<meta property=\"article:modified_time\" content=\"2025-02-17T16:43:05+00:00\" \/>\n<meta property=\"og:image\" content=\"https:\/\/champagne-monmarthe.com\/wp-content\/uploads\/2024\/01\/new-bottle4.png\" \/>\n\t<meta property=\"og:image:width\" content=\"1000\" \/>\n\t<meta property=\"og:image:height\" content=\"1000\" \/>\n\t<meta property=\"og:image:type\" content=\"image\/png\" \/>\n<meta name=\"twitter:card\" content=\"summary_large_image\" \/>\n<meta name=\"twitter:label1\" content=\"Dur\u00e9e de lecture estim\u00e9e\" \/>\n\t<meta name=\"twitter:data1\" content=\"1 minute\" \/>\n<script type=\"application\/ld+json\" class=\"yoast-schema-graph\">{\"@context\":\"https:\/\/schema.org\",\"@graph\":[{\"@type\":\"WebPage\",\"@id\":\"https:\/\/champagne-monmarthe.com\/fr\/product\/secret-de-famille\/\",\"url\":\"https:\/\/champagne-monmarthe.com\/fr\/product\/secret-de-famille\/\",\"name\":\"Secret de famille - Champagne Monmarthe\",\"isPartOf\":{\"@id\":\"https:\/\/champagne-monmarthe.com\/#website\"},\"primaryImageOfPage\":{\"@id\":\"https:\/\/champagne-monmarthe.com\/fr\/product\/secret-de-famille\/#primaryimage\"},\"image\":{\"@id\":\"https:\/\/champagne-monmarthe.com\/fr\/product\/secret-de-famille\/#primaryimage\"},\"thumbnailUrl\":\"https:\/\/champagne-monmarthe.com\/wp-content\/uploads\/2024\/01\/new-bottle4.png\",\"datePublished\":\"2024-01-11T16:14:05+00:00\",\"dateModified\":\"2025-02-17T16:43:05+00:00\",\"breadcrumb\":{\"@id\":\"https:\/\/champagne-monmarthe.com\/fr\/product\/secret-de-famille\/#breadcrumb\"},\"inLanguage\":\"fr-FR\",\"potentialAction\":[{\"@type\":\"ReadAction\",\"target\":[\"https:\/\/champagne-monmarthe.com\/fr\/product\/secret-de-famille\/\"]}]},{\"@type\":\"ImageObject\",\"inLanguage\":\"fr-FR\",\"@id\":\"https:\/\/champagne-monmarthe.com\/fr\/product\/secret-de-famille\/#primaryimage\",\"url\":\"https:\/\/champagne-monmarthe.com\/wp-content\/uploads\/2024\/01\/new-bottle4.png\",\"contentUrl\":\"https:\/\/champagne-monmarthe.com\/wp-content\/uploads\/2024\/01\/new-bottle4.png\",\"width\":1000,\"height\":1000},{\"@type\":\"BreadcrumbList\",\"@id\":\"https:\/\/champagne-monmarthe.com\/fr\/product\/secret-de-famille\/#breadcrumb\",\"itemListElement\":[{\"@type\":\"ListItem\",\"position\":1,\"name\":\"Home\",\"item\":\"https:\/\/champagne-monmarthe.com\/fr\/\"},{\"@type\":\"ListItem\",\"position\":2,\"name\":\"Boutique\",\"item\":\"https:\/\/champagne-monmarthe.com\/shop\/\"},{\"@type\":\"ListItem\",\"position\":3,\"name\":\"Secret de famille\"}]},{\"@type\":\"WebSite\",\"@id\":\"https:\/\/champagne-monmarthe.com\/#website\",\"url\":\"https:\/\/champagne-monmarthe.com\/\",\"name\":\"Champagne Monmarthe\",\"description\":\"\",\"publisher\":{\"@id\":\"https:\/\/champagne-monmarthe.com\/#organization\"},\"potentialAction\":[{\"@type\":\"SearchAction\",\"target\":{\"@type\":\"EntryPoint\",\"urlTemplate\":\"https:\/\/champagne-monmarthe.com\/?s={search_term_string}\"},\"query-input\":{\"@type\":\"PropertyValueSpecification\",\"valueRequired\":true,\"valueName\":\"search_term_string\"}}],\"inLanguage\":\"fr-FR\"},{\"@type\":\"Organization\",\"@id\":\"https:\/\/champagne-monmarthe.com\/#organization\",\"name\":\"Champagne Monmarthe\",\"url\":\"https:\/\/champagne-monmarthe.com\/\",\"logo\":{\"@type\":\"ImageObject\",\"inLanguage\":\"fr-FR\",\"@id\":\"https:\/\/champagne-monmarthe.com\/#\/schema\/logo\/image\/\",\"url\":\"https:\/\/champagne-monmarthe.com\/wp-content\/uploads\/2023\/12\/LOGO.svg\",\"contentUrl\":\"https:\/\/champagne-monmarthe.com\/wp-content\/uploads\/2023\/12\/LOGO.svg\",\"width\":206,\"height\":96,\"caption\":\"Champagne Monmarthe\"},\"image\":{\"@id\":\"https:\/\/champagne-monmarthe.com\/#\/schema\/logo\/image\/\"}}]}<\/script>\n<!-- \/ Yoast SEO plugin. -->","yoast_head_json":{"title":"Secret de famille - Champagne Monmarthe","robots":{"index":"index","follow":"follow","max-snippet":"max-snippet:-1","max-image-preview":"max-image-preview:large","max-video-preview":"max-video-preview:-1"},"canonical":"https:\/\/champagne-monmarthe.com\/fr\/product\/secret-de-famille\/","og_locale":"fr_FR","og_type":"article","og_title":"Secret de famille - Champagne Monmarthe","og_description":"Plaisir de tous les instants Cr\u00e9\u00e9e en 1930, cette cuv\u00e9e incarne l\u2019histoire et le savoir-faire de notre Domaine. Son assemblage de Pinot Noir, Meunier et Chardonnay lui conf\u00e8re une belle rondeur, avec des ar\u00f4mes de fruits m\u00fbrs et une touche l\u00e9g\u00e8rement mielleuse. Id\u00e9ale pour les ap\u00e9ritifs ou les moments de convivialit\u00e9, elle offre une exp\u00e9rience [&hellip;]","og_url":"https:\/\/champagne-monmarthe.com\/fr\/product\/secret-de-famille\/","og_site_name":"Champagne Monmarthe","article_modified_time":"2025-02-17T16:43:05+00:00","og_image":[{"width":1000,"height":1000,"url":"https:\/\/champagne-monmarthe.com\/wp-content\/uploads\/2024\/01\/new-bottle4.png","type":"image\/png"}],"twitter_card":"summary_large_image","twitter_misc":{"Dur\u00e9e de lecture estim\u00e9e":"1 minute"},"schema":{"@context":"https:\/\/schema.org","@graph":[{"@type":"WebPage","@id":"https:\/\/champagne-monmarthe.com\/fr\/product\/secret-de-famille\/","url":"https:\/\/champagne-monmarthe.com\/fr\/product\/secret-de-famille\/","name":"Secret de famille - Champagne Monmarthe","isPartOf":{"@id":"https:\/\/champagne-monmarthe.com\/#website"},"primaryImageOfPage":{"@id":"https:\/\/champagne-monmarthe.com\/fr\/product\/secret-de-famille\/#primaryimage"},"image":{"@id":"https:\/\/champagne-monmarthe.com\/fr\/product\/secret-de-famille\/#primaryimage"},"thumbnailUrl":"https:\/\/champagne-monmarthe.com\/wp-content\/uploads\/2024\/01\/new-bottle4.png","datePublished":"2024-01-11T16:14:05+00:00","dateModified":"2025-02-17T16:43:05+00:00","breadcrumb":{"@id":"https:\/\/champagne-monmarthe.com\/fr\/product\/secret-de-famille\/#breadcrumb"},"inLanguage":"fr-FR","potentialAction":[{"@type":"ReadAction","target":["https:\/\/champagne-monmarthe.com\/fr\/product\/secret-de-famille\/"]}]},{"@type":"ImageObject","inLanguage":"fr-FR","@id":"https:\/\/champagne-monmarthe.com\/fr\/product\/secret-de-famille\/#primaryimage","url":"https:\/\/champagne-monmarthe.com\/wp-content\/uploads\/2024\/01\/new-bottle4.png","contentUrl":"https:\/\/champagne-monmarthe.com\/wp-content\/uploads\/2024\/01\/new-bottle4.png","width":1000,"height":1000},{"@type":"BreadcrumbList","@id":"https:\/\/champagne-monmarthe.com\/fr\/product\/secret-de-famille\/#breadcrumb","itemListElement":[{"@type":"ListItem","position":1,"name":"Home","item":"https:\/\/champagne-monmarthe.com\/fr\/"},{"@type":"ListItem","position":2,"name":"Boutique","item":"https:\/\/champagne-monmarthe.com\/shop\/"},{"@type":"ListItem","position":3,"name":"Secret de famille"}]},{"@type":"WebSite","@id":"https:\/\/champagne-monmarthe.com\/#website","url":"https:\/\/champagne-monmarthe.com\/","name":"Champagne Monmarthe","description":"","publisher":{"@id":"https:\/\/champagne-monmarthe.com\/#organization"},"potentialAction":[{"@type":"SearchAction","target":{"@type":"EntryPoint","urlTemplate":"https:\/\/champagne-monmarthe.com\/?s={search_term_string}"},"query-input":{"@type":"PropertyValueSpecification","valueRequired":true,"valueName":"search_term_string"}}],"inLanguage":"fr-FR"},{"@type":"Organization","@id":"https:\/\/champagne-monmarthe.com\/#organization","name":"Champagne Monmarthe","url":"https:\/\/champagne-monmarthe.com\/","logo":{"@type":"ImageObject","inLanguage":"fr-FR","@id":"https:\/\/champagne-monmarthe.com\/#\/schema\/logo\/image\/","url":"https:\/\/champagne-monmarthe.com\/wp-content\/uploads\/2023\/12\/LOGO.svg","contentUrl":"https:\/\/champagne-monmarthe.com\/wp-content\/uploads\/2023\/12\/LOGO.svg","width":206,"height":96,"caption":"Champagne Monmarthe"},"image":{"@id":"https:\/\/champagne-monmarthe.com\/#\/schema\/logo\/image\/"}}]}},"_links":{"self":[{"href":"https:\/\/champagne-monmarthe.com\/fr\/wp-json\/wp\/v2\/product\/1863","targetHints":{"allow":["GET"]}}],"collection":[{"href":"https:\/\/champagne-monmarthe.com\/fr\/wp-json\/wp\/v2\/product"}],"about":[{"href":"https:\/\/champagne-monmarthe.com\/fr\/wp-json\/wp\/v2\/types\/product"}],"replies":[{"embeddable":true,"href":"https:\/\/champagne-monmarthe.com\/fr\/wp-json\/wp\/v2\/comments?post=1863"}],"wp:featuredmedia":[{"embeddable":true,"href":"https:\/\/champagne-monmarthe.com\/fr\/wp-json\/wp\/v2\/media\/1864"}],"wp:attachment":[{"href":"https:\/\/champagne-monmarthe.com\/fr\/wp-json\/wp\/v2\/media?parent=1863"}],"wp:term":[{"taxonomy":"product_cat","embeddable":true,"href":"https:\/\/champagne-monmarthe.com\/fr\/wp-json\/wp\/v2\/product_cat?post=1863"},{"taxonomy":"product_tag","embeddable":true,"href":"https:\/\/champagne-monmarthe.com\/fr\/wp-json\/wp\/v2\/product_tag?post=1863"}],"curies":[{"name":"wp","href":"https:\/\/api.w.org\/{rel}","templated":true}]}}