{"id":2683,"date":"2025-03-27T16:43:12","date_gmt":"2025-03-27T16:43:12","guid":{"rendered":"https:\/\/champagne-monmarthe.com\/?page_id=2683"},"modified":"2025-03-27T16:49:40","modified_gmt":"2025-03-27T16:49:40","slug":"savoir-faire-2","status":"publish","type":"page","link":"https:\/\/champagne-monmarthe.com\/fr\/savoir-faire-2\/","title":{"rendered":"Savoir-Faire"},"content":{"rendered":"\t\t<div data-elementor-type=\"wp-page\" data-elementor-id=\"2683\" class=\"elementor elementor-2683 elementor-2682\" data-elementor-post-type=\"page\">\n\t\t\t\t<div class=\"elementor-element elementor-element-9a90a6b e-flex e-con-boxed e-con e-parent\" data-id=\"9a90a6b\" data-element_type=\"container\" data-settings=\"{&quot;background_background&quot;:&quot;classic&quot;,&quot;jet_parallax_layout_list&quot;:[]}\" data-core-v316-plus=\"true\">\n\t\t\t\t\t<div class=\"e-con-inner\">\n\t\t\t\t<div class=\"elementor-element elementor-element-5274b42 elementor-widget elementor-widget-heading\" data-id=\"5274b42\" data-element_type=\"widget\" data-widget_type=\"heading.default\">\n\t\t\t\t<div class=\"elementor-widget-container\">\n\t\t\t<style>\/*! elementor - v3.20.0 - 26-03-2024 *\/\n.elementor-heading-title{padding:0;margin:0;line-height:1}.elementor-widget-heading .elementor-heading-title[class*=elementor-size-]>a{color:inherit;font-size:inherit;line-height:inherit}.elementor-widget-heading .elementor-heading-title.elementor-size-small{font-size:15px}.elementor-widget-heading .elementor-heading-title.elementor-size-medium{font-size:19px}.elementor-widget-heading .elementor-heading-title.elementor-size-large{font-size:29px}.elementor-widget-heading .elementor-heading-title.elementor-size-xl{font-size:39px}.elementor-widget-heading .elementor-heading-title.elementor-size-xxl{font-size:59px}<\/style><h1 class=\"elementor-heading-title elementor-size-default\">Un savoir faire<\/h1>\t\t<\/div>\n\t\t\t\t<\/div>\n\t\t\t\t<div class=\"elementor-element elementor-element-6cabad4 elementor-widget elementor-widget-heading\" data-id=\"6cabad4\" data-element_type=\"widget\" data-widget_type=\"heading.default\">\n\t\t\t\t<div class=\"elementor-widget-container\">\n\t\t\t<h3 class=\"elementor-heading-title elementor-size-default\">Unique<\/h3>\t\t<\/div>\n\t\t\t\t<\/div>\n\t\t\t\t\t<\/div>\n\t\t\t\t<\/div>\n\t\t<div class=\"elementor-element elementor-element-70787a3 e-flex e-con-boxed e-con e-parent\" data-id=\"70787a3\" data-element_type=\"container\" data-settings=\"{&quot;jet_parallax_layout_list&quot;:[]}\" data-core-v316-plus=\"true\">\n\t\t\t\t\t<div class=\"e-con-inner\">\n\t\t<div class=\"elementor-element elementor-element-453ab5e e-flex e-con-boxed e-con e-child\" data-id=\"453ab5e\" data-element_type=\"container\" data-settings=\"{&quot;jet_parallax_layout_list&quot;:[]}\">\n\t\t\t\t\t<div class=\"e-con-inner\">\n\t\t\t\t<div class=\"elementor-element elementor-element-b9d18f1 elementor-widget elementor-widget-text-editor\" data-id=\"b9d18f1\" data-element_type=\"widget\" data-widget_type=\"text-editor.default\">\n\t\t\t\t<div class=\"elementor-widget-container\">\n\t\t\t<style>\/*! elementor - v3.20.0 - 26-03-2024 *\/\n.elementor-widget-text-editor.elementor-drop-cap-view-stacked .elementor-drop-cap{background-color:#69727d;color:#fff}.elementor-widget-text-editor.elementor-drop-cap-view-framed .elementor-drop-cap{color:#69727d;border:3px solid;background-color:transparent}.elementor-widget-text-editor:not(.elementor-drop-cap-view-default) .elementor-drop-cap{margin-top:8px}.elementor-widget-text-editor:not(.elementor-drop-cap-view-default) .elementor-drop-cap-letter{width:1em;height:1em}.elementor-widget-text-editor .elementor-drop-cap{float:left;text-align:center;line-height:1;font-size:50px}.elementor-widget-text-editor .elementor-drop-cap-letter{display:inline-block}<\/style>\t\t\t\t<p class=\"p1\">Le Champagne Monmarthe incarne un savoir-faire unique, o\u00f9 chaque geste et chaque choix sont dict\u00e9s par un profond respect du terroir. Depuis plusieurs g\u00e9n\u00e9rations, la famille Monmarthe met en \u0153uvre une approche de vinification m\u00e9ticuleuse, alliant techniques ancestrales et innovations, afin de r\u00e9v\u00e9ler la puret\u00e9 et la richesse de son terroir Premier Cru.<\/p>\t\t\t\t\t\t<\/div>\n\t\t\t\t<\/div>\n\t\t\t\t<div class=\"elementor-element elementor-element-cde7806 elementor-widget-mobile__width-inherit elementor-widget elementor-widget-heading\" data-id=\"cde7806\" data-element_type=\"widget\" data-widget_type=\"heading.default\">\n\t\t\t\t<div class=\"elementor-widget-container\">\n\t\t\t<h2 class=\"elementor-heading-title elementor-size-default\">Une viticulture raisonn\u00e9e<\/h2>\t\t<\/div>\n\t\t\t\t<\/div>\n\t\t\t\t<div class=\"elementor-element elementor-element-ecd34f3 elementor-widget-mobile__width-inherit elementor-widget elementor-widget-heading\" data-id=\"ecd34f3\" data-element_type=\"widget\" data-widget_type=\"heading.default\">\n\t\t\t\t<div class=\"elementor-widget-container\">\n\t\t\t<h3 class=\"elementor-heading-title elementor-size-default\">Un terroir pr\u00e9serv\u00e9<\/h3>\t\t<\/div>\n\t\t\t\t<\/div>\n\t\t\t\t<div class=\"elementor-element elementor-element-2c76b41 elementor-widget elementor-widget-text-editor\" data-id=\"2c76b41\" data-element_type=\"widget\" data-widget_type=\"text-editor.default\">\n\t\t\t\t<div class=\"elementor-widget-container\">\n\t\t\t\t\t\t\t<p class=\"p1\">Au c\u0153ur de la Montagne de Reims, \u00e0 Ludes, le domaine de 17 hectares, certifi\u00e9 Haute Valeur Environnementale (HVE), refl\u00e8te l\u2019engagement pour une viticulture durable et responsable.<\/p><p class=\"p1\">Chaque parcelle est cultiv\u00e9e avec soin, en privil\u00e9giant une approche raisonn\u00e9e qui pr\u00e9serve la biodiversit\u00e9 et respecte l&rsquo;\u00e9quilibre des sols. Gr\u00e2ce \u00e0 une gestion rigoureuse, nous pouvons offrir des raisins de tr\u00e8s grande qualit\u00e9, base fondamentale de la cr\u00e9ation de champagnes de caract\u00e8re.<\/p>\t\t\t\t\t\t<\/div>\n\t\t\t\t<\/div>\n\t\t\t\t\t<\/div>\n\t\t\t\t<\/div>\n\t\t\t\t<div class=\"elementor-element elementor-element-2ffb407 elementor--h-position-center elementor--v-position-middle elementor-widget elementor-widget-slides\" data-id=\"2ffb407\" data-element_type=\"widget\" data-settings=\"{&quot;navigation&quot;:&quot;none&quot;,&quot;transition&quot;:&quot;fade&quot;,&quot;autoplay_speed&quot;:3000,&quot;autoplay&quot;:&quot;yes&quot;,&quot;pause_on_hover&quot;:&quot;yes&quot;,&quot;pause_on_interaction&quot;:&quot;yes&quot;,&quot;infinite&quot;:&quot;yes&quot;,&quot;transition_speed&quot;:500}\" data-widget_type=\"slides.default\">\n\t\t\t\t<div class=\"elementor-widget-container\">\n\t\t\t<style>.elementor-slides .swiper-slide-bg{background-size:cover;background-position:50%;background-repeat:no-repeat;min-width:100%;min-height:100%}.elementor-slides .swiper-slide-inner{background-repeat:no-repeat;background-position:50%;position:absolute;top:0;left:0;bottom:0;right:0;padding:50px;margin:auto}.elementor-slides .swiper-slide-inner,.elementor-slides .swiper-slide-inner:hover{color:#fff;display:flex}.elementor-slides .swiper-slide-inner .elementor-background-overlay{position:absolute;z-index:0;top:0;bottom:0;left:0;right:0}.elementor-slides .swiper-slide-inner .elementor-slide-content{position:relative;z-index:1;width:100%}.elementor-slides .swiper-slide-inner .elementor-slide-heading{font-size:35px;font-weight:700;line-height:1}.elementor-slides .swiper-slide-inner .elementor-slide-description{font-size:17px;line-height:1.4}.elementor-slides .swiper-slide-inner .elementor-slide-description:not(:last-child),.elementor-slides .swiper-slide-inner .elementor-slide-heading:not(:last-child){margin-bottom:30px}.elementor-slides .swiper-slide-inner .elementor-slide-button{border:2px solid #fff;color:#fff;background:transparent;display:inline-block}.elementor-slides .swiper-slide-inner .elementor-slide-button,.elementor-slides .swiper-slide-inner .elementor-slide-button:hover{background:transparent;color:inherit;text-decoration:none}.elementor--v-position-top .swiper-slide-inner{align-items:flex-start}.elementor--v-position-bottom .swiper-slide-inner{align-items:flex-end}.elementor--v-position-middle .swiper-slide-inner{align-items:center}.elementor--h-position-left .swiper-slide-inner{justify-content:flex-start}.elementor--h-position-right .swiper-slide-inner{justify-content:flex-end}.elementor--h-position-center .swiper-slide-inner{justify-content:center}body.rtl .elementor-widget-slides .elementor-swiper-button-next{left:10px;right:auto}body.rtl .elementor-widget-slides .elementor-swiper-button-prev{right:10px;left:auto}.elementor-slides-wrapper div:not(.swiper-slide)>.swiper-slide-inner{display:none}@media (max-width:767px){.elementor-slides .swiper-slide-inner{padding:30px}.elementor-slides .swiper-slide-inner .elementor-slide-heading{font-size:23px;line-height:1;margin-bottom:15px}.elementor-slides .swiper-slide-inner .elementor-slide-description{font-size:13px;line-height:1.4;margin-bottom:15px}}<\/style>\t\t<div class=\"elementor-swiper\">\n\t\t\t<div class=\"elementor-slides-wrapper elementor-main-swiper swiper\" dir=\"ltr\" data-animation=\"fadeInUp\">\n\t\t\t\t<div class=\"swiper-wrapper elementor-slides\">\n\t\t\t\t\t\t\t\t\t\t<div class=\"elementor-repeater-item-6983d6b swiper-slide\"><div class=\"swiper-slide-bg\" role=\"img\"><\/div><div class=\"swiper-slide-inner\" ><div class=\"swiper-slide-contents\"><\/div><\/div><\/div><div class=\"elementor-repeater-item-8cf689a swiper-slide\"><div class=\"swiper-slide-bg\" role=\"img\"><\/div><div class=\"swiper-slide-inner\" ><div class=\"swiper-slide-contents\"><\/div><\/div><\/div><div class=\"elementor-repeater-item-d4b0ef4 swiper-slide\"><div class=\"swiper-slide-bg\" role=\"img\"><\/div><div class=\"swiper-slide-inner\" ><div class=\"swiper-slide-contents\"><\/div><\/div><\/div><div class=\"elementor-repeater-item-306b8c4 swiper-slide\"><div class=\"swiper-slide-bg\" role=\"img\"><\/div><div class=\"swiper-slide-inner\" ><div class=\"swiper-slide-contents\"><\/div><\/div><\/div><div class=\"elementor-repeater-item-e431b30 swiper-slide\"><div class=\"swiper-slide-bg\" role=\"img\"><\/div><div class=\"swiper-slide-inner\" ><div class=\"swiper-slide-contents\"><\/div><\/div><\/div><div class=\"elementor-repeater-item-342259f swiper-slide\"><div class=\"swiper-slide-bg\" role=\"img\"><\/div><div class=\"swiper-slide-inner\" ><div class=\"swiper-slide-contents\"><\/div><\/div><\/div><div class=\"elementor-repeater-item-790e6a4 swiper-slide\"><div class=\"swiper-slide-bg\" role=\"img\"><\/div><div class=\"swiper-slide-inner\" ><div class=\"swiper-slide-contents\"><\/div><\/div><\/div><div class=\"elementor-repeater-item-932f64b swiper-slide\"><div class=\"swiper-slide-bg\" role=\"img\"><\/div><div class=\"swiper-slide-inner\" ><div class=\"swiper-slide-contents\"><\/div><\/div><\/div><div class=\"elementor-repeater-item-ef56ff8 swiper-slide\"><div class=\"swiper-slide-bg\" role=\"img\"><\/div><div class=\"swiper-slide-inner\" ><div class=\"swiper-slide-contents\"><\/div><\/div><\/div><div class=\"elementor-repeater-item-cfd3015 swiper-slide\"><div class=\"swiper-slide-bg\" role=\"img\"><\/div><div class=\"swiper-slide-inner\" ><div class=\"swiper-slide-contents\"><\/div><\/div><\/div><div class=\"elementor-repeater-item-26fcbca swiper-slide\"><div class=\"swiper-slide-bg\" role=\"img\"><\/div><div class=\"swiper-slide-inner\" ><div class=\"swiper-slide-contents\"><\/div><\/div><\/div><div class=\"elementor-repeater-item-140bd07 swiper-slide\"><div class=\"swiper-slide-bg\" role=\"img\"><\/div><div class=\"swiper-slide-inner\" ><div class=\"swiper-slide-contents\"><\/div><\/div><\/div><div class=\"elementor-repeater-item-011d72b swiper-slide\"><div class=\"swiper-slide-bg\" role=\"img\"><\/div><div class=\"swiper-slide-inner\" ><div class=\"swiper-slide-contents\"><\/div><\/div><\/div><div class=\"elementor-repeater-item-69911dd swiper-slide\"><div class=\"swiper-slide-bg\" role=\"img\"><\/div><div class=\"swiper-slide-inner\" ><div class=\"swiper-slide-contents\"><\/div><\/div><\/div><div class=\"elementor-repeater-item-9aa7a20 swiper-slide\"><div class=\"swiper-slide-bg\" role=\"img\"><\/div><div class=\"swiper-slide-inner\" ><div class=\"swiper-slide-contents\"><\/div><\/div><\/div><div class=\"elementor-repeater-item-3ff117f swiper-slide\"><div class=\"swiper-slide-bg\" role=\"img\"><\/div><div class=\"swiper-slide-inner\" ><div class=\"swiper-slide-contents\"><\/div><\/div><\/div><div class=\"elementor-repeater-item-87feaeb swiper-slide\"><div class=\"swiper-slide-bg\" role=\"img\"><\/div><div class=\"swiper-slide-inner\" ><div class=\"swiper-slide-contents\"><\/div><\/div><\/div><div class=\"elementor-repeater-item-c4f3f36 swiper-slide\"><div class=\"swiper-slide-bg\" role=\"img\"><\/div><div class=\"swiper-slide-inner\" ><div class=\"swiper-slide-contents\"><\/div><\/div><\/div><div class=\"elementor-repeater-item-7059bf8 swiper-slide\"><div class=\"swiper-slide-bg\" role=\"img\"><\/div><div class=\"swiper-slide-inner\" ><div class=\"swiper-slide-contents\"><\/div><\/div><\/div><div class=\"elementor-repeater-item-8350d4a swiper-slide\"><div class=\"swiper-slide-bg\" role=\"img\"><\/div><div class=\"swiper-slide-inner\" ><div class=\"swiper-slide-contents\"><\/div><\/div><\/div><div class=\"elementor-repeater-item-d703232 swiper-slide\"><div class=\"swiper-slide-bg\" role=\"img\"><\/div><div class=\"swiper-slide-inner\" ><div class=\"swiper-slide-contents\"><\/div><\/div><\/div><div class=\"elementor-repeater-item-c2a6347 swiper-slide\"><div class=\"swiper-slide-bg\" role=\"img\"><\/div><div class=\"swiper-slide-inner\" ><div class=\"swiper-slide-contents\"><\/div><\/div><\/div><div class=\"elementor-repeater-item-957f7d3 swiper-slide\"><div class=\"swiper-slide-bg\" role=\"img\"><\/div><div class=\"swiper-slide-inner\" ><div class=\"swiper-slide-contents\"><\/div><\/div><\/div><div class=\"elementor-repeater-item-f10649a swiper-slide\"><div class=\"swiper-slide-bg\" role=\"img\"><\/div><div class=\"swiper-slide-inner\" ><div class=\"swiper-slide-contents\"><\/div><\/div><\/div><div class=\"elementor-repeater-item-0851096 swiper-slide\"><div class=\"swiper-slide-bg\" role=\"img\"><\/div><div class=\"swiper-slide-inner\" ><div class=\"swiper-slide-contents\"><\/div><\/div><\/div><div class=\"elementor-repeater-item-b13ce00 swiper-slide\"><div class=\"swiper-slide-bg\" role=\"img\"><\/div><div class=\"swiper-slide-inner\" ><div class=\"swiper-slide-contents\"><\/div><\/div><\/div><div class=\"elementor-repeater-item-95f4da4 swiper-slide\"><div class=\"swiper-slide-bg\" role=\"img\"><\/div><div class=\"swiper-slide-inner\" ><div class=\"swiper-slide-contents\"><\/div><\/div><\/div><div class=\"elementor-repeater-item-c8185e9 swiper-slide\"><div class=\"swiper-slide-bg\" role=\"img\"><\/div><div class=\"swiper-slide-inner\" ><div class=\"swiper-slide-contents\"><\/div><\/div><\/div><div class=\"elementor-repeater-item-6cc3ef8 swiper-slide\"><div class=\"swiper-slide-bg\" role=\"img\"><\/div><div class=\"swiper-slide-inner\" ><div class=\"swiper-slide-contents\"><\/div><\/div><\/div><div class=\"elementor-repeater-item-fbe6b3a swiper-slide\"><div class=\"swiper-slide-bg\" role=\"img\"><\/div><div class=\"swiper-slide-inner\" ><div class=\"swiper-slide-contents\"><\/div><\/div><\/div><div class=\"elementor-repeater-item-7151859 swiper-slide\"><div class=\"swiper-slide-bg\" role=\"img\"><\/div><div class=\"swiper-slide-inner\" ><div class=\"swiper-slide-contents\"><\/div><\/div><\/div><div class=\"elementor-repeater-item-8479286 swiper-slide\"><div class=\"swiper-slide-bg\" role=\"img\"><\/div><div class=\"swiper-slide-inner\" ><div class=\"swiper-slide-contents\"><\/div><\/div><\/div>\t\t\t\t<\/div>\n\t\t\t\t\t\t\t\t\t\t\t\t\t\t\t\t\t\t\t\t\t<\/div>\n\t\t<\/div>\n\t\t\t\t<\/div>\n\t\t\t\t<\/div>\n\t\t<div class=\"elementor-element elementor-element-aec900d e-flex e-con-boxed e-con e-child\" data-id=\"aec900d\" data-element_type=\"container\" data-settings=\"{&quot;jet_parallax_layout_list&quot;:[]}\">\n\t\t\t\t\t<div class=\"e-con-inner\">\n\t\t\t\t<div class=\"elementor-element elementor-element-37f2096 elementor-widget elementor-widget-heading\" data-id=\"37f2096\" data-element_type=\"widget\" data-widget_type=\"heading.default\">\n\t\t\t\t<div class=\"elementor-widget-container\">\n\t\t\t<h2 class=\"elementor-heading-title elementor-size-default\">Des vinifications pr\u00e9cises<\/h2>\t\t<\/div>\n\t\t\t\t<\/div>\n\t\t\t\t<div class=\"elementor-element elementor-element-e463aaf elementor-widget-mobile__width-inherit elementor-widget elementor-widget-heading\" data-id=\"e463aaf\" data-element_type=\"widget\" data-widget_type=\"heading.default\">\n\t\t\t\t<div class=\"elementor-widget-container\">\n\t\t\t<h3 class=\"elementor-heading-title elementor-size-default\">Pour des cuv\u00e9es distinctives<\/h3>\t\t<\/div>\n\t\t\t\t<\/div>\n\t\t\t\t<div class=\"elementor-element elementor-element-f43f744 elementor-widget elementor-widget-text-editor\" data-id=\"f43f744\" data-element_type=\"widget\" data-widget_type=\"text-editor.default\">\n\t\t\t\t<div class=\"elementor-widget-container\">\n\t\t\t\t\t\t\t<p class=\"p1\">Nos cuv\u00e9es intemporelles sont profond\u00e9ment ancr\u00e9es dans la tradition familiale, comme Secret de Famille, dont l\u2019assemblage est rest\u00e9 fid\u00e8le \u00e0 sa recette originelle depuis sa cr\u00e9ation. Ce parfait \u00e9quilibre entre r\u00e9gularit\u00e9 et \u00e9l\u00e9gance fait de ces cuv\u00e9es de v\u00e9ritables ambassadeurs du Domaine.<\/p><p class=\"p1\">Certaines de nos cuv\u00e9es sont issues d\u2019une vinification parcellaire, refl\u00e9tant l\u2019identit\u00e9 singuli\u00e8re de nos lieux-dits. Ces cuv\u00e9es parcellaires, presque sans dosage et pass\u00e9es en f\u00fbt de ch\u00eane, mettent en lumi\u00e8re le caract\u00e8re brut de notre terroir.<\/p><p class=\"p1\">Dans nos caves historiques creus\u00e9es dans la craie, chaque cuv\u00e9e b\u00e9n\u00e9ficie d\u2019un temps de vieillissement optimal pour r\u00e9v\u00e9ler son plein potentiel.<\/p><p class=\"p1\">Des cuv\u00e9es d\u2019assemblage qui incarnent la g\u00e9n\u00e9rosit\u00e9 de la tradition champenoise aux champagnes de terroir qui racontent une histoire unique, nous nous attachons \u00e0 offrir des vins \u00e0 l\u2019\u00e9quilibre parfait entre puissance, fra\u00eecheur et complexit\u00e9.<\/p>\t\t\t\t\t\t<\/div>\n\t\t\t\t<\/div>\n\t\t\t\t\t<\/div>\n\t\t\t\t<\/div>\n\t\t\t\t\t<\/div>\n\t\t\t\t<\/div>\n\t\t\t\t<\/div>\n\t\t","protected":false},"excerpt":{"rendered":"<p>Un savoir faire Unique Le Champagne Monmarthe incarne un savoir-faire unique, o\u00f9 chaque geste et chaque choix sont dict\u00e9s par un profond respect du terroir. Depuis plusieurs g\u00e9n\u00e9rations, la famille Monmarthe met en \u0153uvre une approche de vinification m\u00e9ticuleuse, alliant techniques ancestrales et innovations, afin de r\u00e9v\u00e9ler la puret\u00e9 et la richesse de son terroir [&hellip;]<\/p>\n","protected":false},"author":5,"featured_media":0,"parent":0,"menu_order":0,"comment_status":"closed","ping_status":"closed","template":"elementor_header_footer","meta":{"footnotes":""},"class_list":["post-2683","page","type-page","status-publish","hentry"],"yoast_head":"<!-- This site is optimized with the Yoast SEO plugin v23.4 - https:\/\/yoast.com\/wordpress\/plugins\/seo\/ -->\n<title>Savoir-Faire - Champagne Monmarthe<\/title>\n<meta name=\"robots\" content=\"index, follow, max-snippet:-1, max-image-preview:large, max-video-preview:-1\" \/>\n<link rel=\"canonical\" href=\"https:\/\/champagne-monmarthe.com\/fr\/savoir-faire-2\/\" \/>\n<meta property=\"og:locale\" content=\"fr_FR\" \/>\n<meta property=\"og:type\" content=\"article\" \/>\n<meta property=\"og:title\" content=\"Savoir-Faire - Champagne Monmarthe\" \/>\n<meta property=\"og:description\" content=\"Un savoir faire Unique Le Champagne Monmarthe incarne un savoir-faire unique, o\u00f9 chaque geste et chaque choix sont dict\u00e9s par un profond respect du terroir. Depuis plusieurs g\u00e9n\u00e9rations, la famille Monmarthe met en \u0153uvre une approche de vinification m\u00e9ticuleuse, alliant techniques ancestrales et innovations, afin de r\u00e9v\u00e9ler la puret\u00e9 et la richesse de son terroir [&hellip;]\" \/>\n<meta property=\"og:url\" content=\"https:\/\/champagne-monmarthe.com\/fr\/savoir-faire-2\/\" \/>\n<meta property=\"og:site_name\" content=\"Champagne Monmarthe\" \/>\n<meta property=\"article:modified_time\" content=\"2025-03-27T16:49:40+00:00\" \/>\n<meta name=\"twitter:card\" content=\"summary_large_image\" \/>\n<meta name=\"twitter:label1\" content=\"Dur\u00e9e de lecture estim\u00e9e\" \/>\n\t<meta name=\"twitter:data1\" content=\"2 minutes\" \/>\n<script type=\"application\/ld+json\" class=\"yoast-schema-graph\">{\"@context\":\"https:\/\/schema.org\",\"@graph\":[{\"@type\":\"WebPage\",\"@id\":\"https:\/\/champagne-monmarthe.com\/fr\/savoir-faire-2\/\",\"url\":\"https:\/\/champagne-monmarthe.com\/fr\/savoir-faire-2\/\",\"name\":\"Savoir-Faire - Champagne Monmarthe\",\"isPartOf\":{\"@id\":\"https:\/\/champagne-monmarthe.com\/#website\"},\"datePublished\":\"2025-03-27T16:43:12+00:00\",\"dateModified\":\"2025-03-27T16:49:40+00:00\",\"breadcrumb\":{\"@id\":\"https:\/\/champagne-monmarthe.com\/fr\/savoir-faire-2\/#breadcrumb\"},\"inLanguage\":\"fr-FR\",\"potentialAction\":[{\"@type\":\"ReadAction\",\"target\":[\"https:\/\/champagne-monmarthe.com\/fr\/savoir-faire-2\/\"]}]},{\"@type\":\"BreadcrumbList\",\"@id\":\"https:\/\/champagne-monmarthe.com\/fr\/savoir-faire-2\/#breadcrumb\",\"itemListElement\":[{\"@type\":\"ListItem\",\"position\":1,\"name\":\"Home\",\"item\":\"https:\/\/champagne-monmarthe.com\/fr\/\"},{\"@type\":\"ListItem\",\"position\":2,\"name\":\"Savoir-Faire\"}]},{\"@type\":\"WebSite\",\"@id\":\"https:\/\/champagne-monmarthe.com\/#website\",\"url\":\"https:\/\/champagne-monmarthe.com\/\",\"name\":\"Champagne Monmarthe\",\"description\":\"\",\"publisher\":{\"@id\":\"https:\/\/champagne-monmarthe.com\/#organization\"},\"potentialAction\":[{\"@type\":\"SearchAction\",\"target\":{\"@type\":\"EntryPoint\",\"urlTemplate\":\"https:\/\/champagne-monmarthe.com\/?s={search_term_string}\"},\"query-input\":{\"@type\":\"PropertyValueSpecification\",\"valueRequired\":true,\"valueName\":\"search_term_string\"}}],\"inLanguage\":\"fr-FR\"},{\"@type\":\"Organization\",\"@id\":\"https:\/\/champagne-monmarthe.com\/#organization\",\"name\":\"Champagne Monmarthe\",\"url\":\"https:\/\/champagne-monmarthe.com\/\",\"logo\":{\"@type\":\"ImageObject\",\"inLanguage\":\"fr-FR\",\"@id\":\"https:\/\/champagne-monmarthe.com\/#\/schema\/logo\/image\/\",\"url\":\"https:\/\/champagne-monmarthe.com\/wp-content\/uploads\/2023\/12\/LOGO.svg\",\"contentUrl\":\"https:\/\/champagne-monmarthe.com\/wp-content\/uploads\/2023\/12\/LOGO.svg\",\"width\":206,\"height\":96,\"caption\":\"Champagne Monmarthe\"},\"image\":{\"@id\":\"https:\/\/champagne-monmarthe.com\/#\/schema\/logo\/image\/\"}}]}<\/script>\n<!-- \/ Yoast SEO plugin. -->","yoast_head_json":{"title":"Savoir-Faire - Champagne Monmarthe","robots":{"index":"index","follow":"follow","max-snippet":"max-snippet:-1","max-image-preview":"max-image-preview:large","max-video-preview":"max-video-preview:-1"},"canonical":"https:\/\/champagne-monmarthe.com\/fr\/savoir-faire-2\/","og_locale":"fr_FR","og_type":"article","og_title":"Savoir-Faire - Champagne Monmarthe","og_description":"Un savoir faire Unique Le Champagne Monmarthe incarne un savoir-faire unique, o\u00f9 chaque geste et chaque choix sont dict\u00e9s par un profond respect du terroir. Depuis plusieurs g\u00e9n\u00e9rations, la famille Monmarthe met en \u0153uvre une approche de vinification m\u00e9ticuleuse, alliant techniques ancestrales et innovations, afin de r\u00e9v\u00e9ler la puret\u00e9 et la richesse de son terroir [&hellip;]","og_url":"https:\/\/champagne-monmarthe.com\/fr\/savoir-faire-2\/","og_site_name":"Champagne Monmarthe","article_modified_time":"2025-03-27T16:49:40+00:00","twitter_card":"summary_large_image","twitter_misc":{"Dur\u00e9e de lecture estim\u00e9e":"2 minutes"},"schema":{"@context":"https:\/\/schema.org","@graph":[{"@type":"WebPage","@id":"https:\/\/champagne-monmarthe.com\/fr\/savoir-faire-2\/","url":"https:\/\/champagne-monmarthe.com\/fr\/savoir-faire-2\/","name":"Savoir-Faire - Champagne Monmarthe","isPartOf":{"@id":"https:\/\/champagne-monmarthe.com\/#website"},"datePublished":"2025-03-27T16:43:12+00:00","dateModified":"2025-03-27T16:49:40+00:00","breadcrumb":{"@id":"https:\/\/champagne-monmarthe.com\/fr\/savoir-faire-2\/#breadcrumb"},"inLanguage":"fr-FR","potentialAction":[{"@type":"ReadAction","target":["https:\/\/champagne-monmarthe.com\/fr\/savoir-faire-2\/"]}]},{"@type":"BreadcrumbList","@id":"https:\/\/champagne-monmarthe.com\/fr\/savoir-faire-2\/#breadcrumb","itemListElement":[{"@type":"ListItem","position":1,"name":"Home","item":"https:\/\/champagne-monmarthe.com\/fr\/"},{"@type":"ListItem","position":2,"name":"Savoir-Faire"}]},{"@type":"WebSite","@id":"https:\/\/champagne-monmarthe.com\/#website","url":"https:\/\/champagne-monmarthe.com\/","name":"Champagne Monmarthe","description":"","publisher":{"@id":"https:\/\/champagne-monmarthe.com\/#organization"},"potentialAction":[{"@type":"SearchAction","target":{"@type":"EntryPoint","urlTemplate":"https:\/\/champagne-monmarthe.com\/?s={search_term_string}"},"query-input":{"@type":"PropertyValueSpecification","valueRequired":true,"valueName":"search_term_string"}}],"inLanguage":"fr-FR"},{"@type":"Organization","@id":"https:\/\/champagne-monmarthe.com\/#organization","name":"Champagne Monmarthe","url":"https:\/\/champagne-monmarthe.com\/","logo":{"@type":"ImageObject","inLanguage":"fr-FR","@id":"https:\/\/champagne-monmarthe.com\/#\/schema\/logo\/image\/","url":"https:\/\/champagne-monmarthe.com\/wp-content\/uploads\/2023\/12\/LOGO.svg","contentUrl":"https:\/\/champagne-monmarthe.com\/wp-content\/uploads\/2023\/12\/LOGO.svg","width":206,"height":96,"caption":"Champagne Monmarthe"},"image":{"@id":"https:\/\/champagne-monmarthe.com\/#\/schema\/logo\/image\/"}}]}},"_links":{"self":[{"href":"https:\/\/champagne-monmarthe.com\/fr\/wp-json\/wp\/v2\/pages\/2683","targetHints":{"allow":["GET"]}}],"collection":[{"href":"https:\/\/champagne-monmarthe.com\/fr\/wp-json\/wp\/v2\/pages"}],"about":[{"href":"https:\/\/champagne-monmarthe.com\/fr\/wp-json\/wp\/v2\/types\/page"}],"author":[{"embeddable":true,"href":"https:\/\/champagne-monmarthe.com\/fr\/wp-json\/wp\/v2\/users\/5"}],"replies":[{"embeddable":true,"href":"https:\/\/champagne-monmarthe.com\/fr\/wp-json\/wp\/v2\/comments?post=2683"}],"version-history":[{"count":8,"href":"https:\/\/champagne-monmarthe.com\/fr\/wp-json\/wp\/v2\/pages\/2683\/revisions"}],"predecessor-version":[{"id":2692,"href":"https:\/\/champagne-monmarthe.com\/fr\/wp-json\/wp\/v2\/pages\/2683\/revisions\/2692"}],"wp:attachment":[{"href":"https:\/\/champagne-monmarthe.com\/fr\/wp-json\/wp\/v2\/media?parent=2683"}],"curies":[{"name":"wp","href":"https:\/\/api.w.org\/{rel}","templated":true}]}}