{"id":1656,"date":"2024-01-16T16:50:30","date_gmt":"2024-01-16T16:50:30","guid":{"rendered":"https:\/\/champagne-monmarthe.com\/charte-de-confidentialite\/"},"modified":"2024-02-29T16:46:55","modified_gmt":"2024-02-29T16:46:55","slug":"charte-de-confidentialite","status":"publish","type":"page","link":"https:\/\/champagne-monmarthe.com\/fr\/charte-de-confidentialite\/","title":{"rendered":"CHARTE DE CONFIDENTIALIT\u00c9"},"content":{"rendered":"\t\t<div data-elementor-type=\"wp-page\" data-elementor-id=\"1656\" class=\"elementor elementor-1656 elementor-1274\" data-elementor-post-type=\"page\">\n\t\t\t\t<div class=\"elementor-element elementor-element-cb2056c e-flex e-con-boxed e-con e-parent\" data-id=\"cb2056c\" data-element_type=\"container\" data-settings=\"{&quot;background_background&quot;:&quot;classic&quot;,&quot;jet_parallax_layout_list&quot;:[]}\" data-core-v316-plus=\"true\">\n\t\t\t\t\t<div class=\"e-con-inner\">\n\t\t\t\t<div class=\"elementor-element elementor-element-6e436f7 elementor-widget elementor-widget-heading\" data-id=\"6e436f7\" data-element_type=\"widget\" data-widget_type=\"heading.default\">\n\t\t\t\t<div class=\"elementor-widget-container\">\n\t\t\t<style>\/*! elementor - v3.20.0 - 26-03-2024 *\/\n.elementor-heading-title{padding:0;margin:0;line-height:1}.elementor-widget-heading .elementor-heading-title[class*=elementor-size-]>a{color:inherit;font-size:inherit;line-height:inherit}.elementor-widget-heading .elementor-heading-title.elementor-size-small{font-size:15px}.elementor-widget-heading .elementor-heading-title.elementor-size-medium{font-size:19px}.elementor-widget-heading .elementor-heading-title.elementor-size-large{font-size:29px}.elementor-widget-heading .elementor-heading-title.elementor-size-xl{font-size:39px}.elementor-widget-heading .elementor-heading-title.elementor-size-xxl{font-size:59px}<\/style><h1 class=\"elementor-heading-title elementor-size-default\">CHARTE DE CONFIDENTIALIT\u00c9<\/h1>\t\t<\/div>\n\t\t\t\t<\/div>\n\t\t\t\t\t<\/div>\n\t\t\t\t<\/div>\n\t\t<div class=\"elementor-element elementor-element-5882e0d6 e-flex e-con-boxed e-con e-parent\" data-id=\"5882e0d6\" data-element_type=\"container\" data-settings=\"{&quot;jet_parallax_layout_list&quot;:[]}\" data-core-v316-plus=\"true\">\n\t\t\t\t\t<div class=\"e-con-inner\">\n\t\t\t\t<div class=\"elementor-element elementor-element-41d800bb elementor-widget elementor-widget-text-editor\" data-id=\"41d800bb\" data-element_type=\"widget\" data-widget_type=\"text-editor.default\">\n\t\t\t\t<div class=\"elementor-widget-container\">\n\t\t\t<style>\/*! elementor - v3.20.0 - 26-03-2024 *\/\n.elementor-widget-text-editor.elementor-drop-cap-view-stacked .elementor-drop-cap{background-color:#69727d;color:#fff}.elementor-widget-text-editor.elementor-drop-cap-view-framed .elementor-drop-cap{color:#69727d;border:3px solid;background-color:transparent}.elementor-widget-text-editor:not(.elementor-drop-cap-view-default) .elementor-drop-cap{margin-top:8px}.elementor-widget-text-editor:not(.elementor-drop-cap-view-default) .elementor-drop-cap-letter{width:1em;height:1em}.elementor-widget-text-editor .elementor-drop-cap{float:left;text-align:center;line-height:1;font-size:50px}.elementor-widget-text-editor .elementor-drop-cap-letter{display:inline-block}<\/style>\t\t\t\t<h3>INTRODUCTION<\/h3>\r\n&nbsp;\r\n\r\nLa soci\u00e9t\u00e9 Champagne Monmarthe, SAS au capital de 195 500 euros sis 38 Rue Victor Hugo 51500 Ludes, enregistr\u00e9e au RCS de Reims sous le n\u00b0351 746 532 est amen\u00e9e \u00e0 collecter des donn\u00e9es personnelles dans le cadre de son activit\u00e9.\r\n\r\n&nbsp;\r\n\r\nEn vous rendant sur notre site Internet https:\/\/champagne-monmarthe.com, nous sommes susceptibles de collecter des donn\u00e9es personnelles vous concernant.\r\n\r\nPour toute question relative au traitement des donn\u00e9es personnelles, les personnes concern\u00e9es peuvent adresser un mail en pr\u00e9cisant leur demande, \u00e0 contact@champagne-monmarthe.com.\r\n\r\n&nbsp;\r\n<h3>MODALIT\u00c9S DE TRAITEMENT ET FINALIT\u00c9S<\/h3>\r\n&nbsp;\r\n\r\nLes donn\u00e9es trait\u00e9es par Champagne Monmarthe sont collect\u00e9es, enregistr\u00e9es et stock\u00e9es en conformit\u00e9 avec les dispositions de la loi relative \u00e0 l\u2019informatique, aux fichiers et aux libert\u00e9s du 6 janvier 1978 dans sa version en vigueur \u00e0 la date des pr\u00e9sentes, ainsi qu\u2019avec les dispositions du R\u00e8glement G\u00e9n\u00e9ral sur la Protection des Donn\u00e9es (RGPD).\r\n\r\n&nbsp;\r\n\r\nLes donn\u00e9es collect\u00e9es correspondent aux informations que vous nous adressez sur les formulaires de contact accessibles en ligne, ou via les cookies d\u00e9pos\u00e9es sur votre navigateur lors de votre visite sur notre site. Dans le cadre de notre activit\u00e9, nous sommes \u00e9galement amen\u00e9s \u00e0 acc\u00e9der aux donn\u00e9es en lien avec votre activit\u00e9 professionnelle. Nous pouvons \u00e9galement agir en qualit\u00e9 de sous-traitant, au sens de l\u2019article 4 du RGPD, lorsque nous traitons, \u00e0 votre demande et sous votre contr\u00f4le, les donn\u00e9es de vos clients.\r\n\r\n&nbsp;\r\n\r\nLe traitement de ces donn\u00e9es est n\u00e9cessaire \u00e0 la fourniture des services mentionn\u00e9s sur notre site Internet. Elles nous permettent de r\u00e9pondre \u00e0 vos demandes et d\u2019organiser les \u00e9v\u00e9nements pour lesquels vous nous avez sollicit\u00e9s.\r\n\r\n&nbsp;\r\n\r\nVos informations de navigation nous permettent de conna\u00eetre la mani\u00e8re dont vous utilisez ou envisagez d\u2019utiliser nos services et conna\u00eetre votre secteur d\u2019activit\u00e9.\r\n\r\n&nbsp;\r\n<h3>DUR\u00c9E DE CONSERVATION<\/h3>\r\n&nbsp;\r\n\r\nLes donn\u00e9es sont conserv\u00e9es pour la dur\u00e9e n\u00e9cessaire \u00e0 la fourniture des services propos\u00e9s par Champagne Monmarthe.\r\n\r\nLes donn\u00e9es sont conserv\u00e9es pendant toute la dur\u00e9e du contrat qui nous lie ainsi que pendant une dur\u00e9e de trois mois apr\u00e8s la cessation de votre contrat.\r\n\r\nSi vous n\u2019\u00eates pas encore client, vos donn\u00e9es sont conserv\u00e9es pendant une dur\u00e9e de 3ans \u00e0 compter de la date \u00e0 laquelle vous nous avez interrog\u00e9s et vous \u00eates rendus sur notre site, afin de nous permettre de mieux r\u00e9pondre \u00e0 vos questions si vous nous sollicitez \u00e0 nouveau. Les donn\u00e9es sont ensuite archiv\u00e9es et restituables exclusivement dans le cadre d\u2019un contentieux, pendant la dur\u00e9e de la prescription l\u00e9gale.\r\n\r\n&nbsp;\r\n<h3>EXERCICE DES DROITS<\/h3>\r\n&nbsp;\r\n\r\nChaque personne concern\u00e9e dispose d\u2019un droit d\u2019acc\u00e8s, de modification, de rectification, d\u2019effacement et, le cas \u00e9ch\u00e9ant, de portabilit\u00e9 des donn\u00e9es personnelles la concernant, conform\u00e9ment aux dispositions de la loi relative \u00e0 l\u2019informatique, aux fichiers et aux libert\u00e9s du 6 janvier 1978 dans sa version en vigueur \u00e0 la date des pr\u00e9sentes, et conform\u00e9ment \u00e0 la r\u00e8glementation communautaire.\r\n\r\n&nbsp;\r\n\r\nLe droit d\u2019acc\u00e8s, de modification, de rectification et d\u2019effacement pr\u00e9vu au paragraphe pr\u00e9c\u00e9dent, s\u2019exerce aupr\u00e8s de l\u2019adresse e-mail suivante : contact@champagne-monmarthe.com.\r\n\r\n&nbsp;\r\n\r\nLorsque la demande d\u2019acc\u00e8s, de modification, de rectification ou d\u2019effacement est adress\u00e9e \u00e0 Champagne Monmarthe, Champagne Monmarthe applique les modalit\u00e9s pr\u00e9vues par l\u2019utilisateur, sous r\u00e9serve de leur conformit\u00e9 \u00e0 la r\u00e8glementation applicable et de leur communication pr\u00e9alable.\r\n\r\n&nbsp;\r\n\r\nEn cas de difficult\u00e9 en lien avec la gestion de ses donn\u00e9es personnelles, la personne concern\u00e9e a le droit d\u2019introduire une r\u00e9clamation aupr\u00e8s de la CNIL ou aupr\u00e8s de toute autorit\u00e9 de contr\u00f4le comp\u00e9tente.\r\n\r\n&nbsp;\r\n<h3>COOKIES<\/h3>\r\n&nbsp;\r\n\r\nDes cookies et des traceurs peuvent s\u2019installer automatiquement sur votre logiciel de navigation ou votre terminal, lors de votre acc\u00e8s \u00e0 notre site ou \u00e0 notre application. Un cookie est un \u00e9l\u00e9ment qui ne permet pas d\u2019identifier une personne mais sert \u00e0 enregistrer des informations relatives \u00e0 la navigation de celle-ci sur le site Champagne Monmarthe.\r\n\r\n&nbsp;\r\n\r\n<strong>Quels sont les cookies susceptibles d\u2019\u00eatre install\u00e9s lorsque vous visitez notre site ou notre application ?<\/strong>\r\n\r\nDans notre cas, nous utilisons des cookies et des traceurs afin de vous aider \u00e0 naviguer sur notre site et application, et vous proposer des services mieux adapt\u00e9s \u00e0 vos demandes en connaissant vos habitudes de navigation. Les cookies nous permettent \u00e9galement de disposer d\u2019outils statistiques sur l\u2019usage de notre site et application afin d\u2019am\u00e9liorer ceux-ci r\u00e9guli\u00e8rement.\r\n\r\n&nbsp;\r\n\r\n<strong>Dur\u00e9e de vie des cookies ?<\/strong>\r\n\r\nIl existe deux types de cookies : les cookies de session et les cookies persistants. Les cookies de session sont cr\u00e9\u00e9s de mani\u00e8re temporaire dans le sous-dossier de votre navigateur au moment o\u00f9 vous visitez un site web. Une fois que vous quittez le site, le cookie de session est supprim\u00e9.\r\n\r\n&nbsp;\r\n\r\nLes fichiers du cookie persistant restent dans le sous-dossier de votre navigateur et ils sont r\u00e9activ\u00e9s une fois que vous consultez le site web qui a cr\u00e9\u00e9 ce cookie sp\u00e9cifique.\r\n\r\nUn cookie persistant demeure dans le sous-dossier du navigateur pour la dur\u00e9e d\u00e9finie dans le fichier du cookie.\r\n\r\nD\u2019une mani\u00e8re g\u00e9n\u00e9rale, la dur\u00e9e de validit\u00e9 d\u2019un cookie est de 13 mois maximum.\r\n\r\n&nbsp;\r\n\r\n<strong>Puis-je refuser le d\u00e9p\u00f4t de cookies sur mon ordinateur ?<\/strong>\r\n\r\nVous n\u2019\u00eates pas oblig\u00e9s d\u2019accepter le d\u00e9p\u00f4t des cookies sur votre terminal. N\u00e9anmoins, nous ne pouvons vous garantir une exp\u00e9rience utilisateur identique si vous proc\u00e9dez \u00e0 la suppression des cookies.\r\n\r\n&nbsp;\r\n\r\n<strong>Comment proc\u00e9der au param\u00e9trage et \u00e0 la suppression des cookies ?<\/strong>\r\n\r\n&nbsp;\r\n\r\nVous pouvez d\u00e9sactiver les cookies via les Navigateurs, voici les liens :\r\n\r\n&nbsp;\r\n<ul>\r\n \t<li style=\"list-style-type: none;\">\r\n<ul>\r\n \t<li>Pour Internet Explorer :\u00a0<a href=\"http:\/\/windows.microsoft.com\/fr-FR\/windows-vista\/Block-or-allow-cookies\" target=\"_blank\" rel=\"external noopener\">http:\/\/windows.microsoft.com\/fr-FR\/windows-vista\/Block-or-allow-cookies<\/a><\/li>\r\n \t<li>Pour Safari :\u00a0<a href=\"https:\/\/support.apple.com\/kb\/ph17191?locale=fr_FR&amp;viewlocale=fr_FR\" target=\"_blank\" rel=\"external noopener\">https:\/\/support.apple.com\/kb\/ph17191?locale=fr_FR&amp;viewlocale=fr_FR<\/a><\/li>\r\n \t<li>Pour Chrome :\u00a0<a href=\"http:\/\/support.google.com\/chrome\/bin\/answer.py?hl=fr&amp;hlrm=en&amp;answer=95647\" target=\"_blank\" rel=\"external noopener\">http:\/\/support.google.com\/chrome\/bin\/answer.py?hl=fr&amp;hlrm=en&amp;answer=95647<\/a><\/li>\r\n \t<li>Pour Firefox :\u00a0<a href=\"https:\/\/support.mozilla.org\/fr\/kb\/activer-desactiver-cookies\" target=\"_blank\" rel=\"external noopener\">https:\/\/support.mozilla.org\/fr\/kb\/activer-desactiver-cookies<\/a><\/li>\r\n \t<li>Pour Opera :\u00a0<a href=\"http:\/\/help.opera.com\/Windows\/10.20\/fr\/cookies.html\" target=\"_blank\" rel=\"external noopener\">http:\/\/help.opera.com\/Windows\/10.20\/fr\/cookies.html<\/a><\/li>\r\n<\/ul>\r\n<\/li>\r\n<\/ul>\r\n&nbsp;\r\n\r\n&nbsp;\r\n\r\nCette configuration diff\u00e8re sur un Terminal mobile ou tablette.\r\n\r\n&nbsp;\r\n<ul>\r\n \t<li style=\"list-style-type: none;\">\r\n<ul>\r\n \t<li>Pour iOS :\u00a0<a href=\"https:\/\/support.apple.com\/fr-fr\/HT201265\" target=\"_blank\" rel=\"external noopener\">https:\/\/support.apple.com\/fr-fr\/HT201265<\/a><\/li>\r\n \t<li>Pour Android :\u00a0<a href=\"http:\/\/www.wikihow.com\/Disable-Cookies#Android_Devices\" target=\"_blank\" rel=\"external noopener\">http:\/\/www.wikihow.com\/Disable-Cookies#Android_Devices<\/a><\/li>\r\n \t<li>Pour Blackberry :\u00a0<a href=\"http:\/\/global.blackberry.com\/fr\/legal\/privacy-policy.html#types-info-d\" target=\"_blank\" rel=\"external noopener\">http:\/\/global.blackberry.com\/fr\/legal\/privacy-policy.html#types-info-d<\/a><\/li>\r\n \t<li>Pour Windows Phone :\u00a0<a href=\"https:\/\/support.microsoft.com\/fr-fr\/help\/17442\/windows-internet-explorer-delete-manage-cookies\" target=\"_blank\" rel=\"external noopener\">https:\/\/support.microsoft.com\/fr-fr\/help\/17442\/windows-internet-explorer-delete-manage-cookies<\/a><\/li>\r\n<\/ul>\r\n<\/li>\r\n<\/ul>\r\n&nbsp;\r\n\r\n&nbsp;\r\n\r\nEnfin, il est possible de param\u00e9trer le navigateur du Terminal afin que celui-ci envoie un code indiquant aux sites internet qu\u2019on ne souhaite pas \u00eatre suivis. Cette option est commun\u00e9ment appel\u00e9e \u00ab Do Not Track \u00bb.\r\n\r\n&nbsp;\r\n<ul>\r\n \t<li style=\"list-style-type: none;\">\r\n<ul>\r\n \t<li>Pour Internet Explorer :\u00a0<a href=\"http:\/\/windows.microsoft.com\/fr-fr\/internet-explorer\/use-tracking-protection#ie=ie-11\" target=\"_blank\" rel=\"external noopener\">http:\/\/windows.microsoft.com\/fr-fr\/internet-explorer\/use-tracking-protection#ie=ie-11<\/a><\/li>\r\n \t<li>Pour Safari :\u00a0<a href=\"http:\/\/support.apple.com\/kb\/PH11952\" target=\"_blank\" rel=\"external noopener\">http:\/\/support.apple.com\/kb\/PH11952<\/a><\/li>\r\n \t<li>Pour Chrome :\u00a0<a href=\"https:\/\/support.google.com\/chrome\/answer\/114836\" target=\"_blank\" rel=\"external noopener\">https:\/\/support.google.com\/chrome\/answer\/114836<\/a><\/li>\r\n \t<li>Pour Firefox :\u00a0<a href=\"https:\/\/support.mozilla.org\/fr\/kb\/comment-activer-option-ne-pas-pister\" target=\"_blank\" rel=\"external noopener\">https:\/\/support.mozilla.org\/fr\/kb\/comment-activer-option-ne-pas-pister<\/a><\/li>\r\n \t<li>Pour Opera :\u00a0<a href=\"http:\/\/help.opera.com\/Windows\/12.10\/fr\/notrack.html\" target=\"_blank\" rel=\"external noopener\">http:\/\/help.opera.com\/Windows\/12.10\/fr\/notrack.html<\/a><\/li>\r\n<\/ul>\r\n<\/li>\r\n<\/ul>\r\n&nbsp;\r\n\r\n&nbsp;\r\n\r\nAttention cependant les param\u00e8tres de r\u00e9glage des navigateurs sont susceptible d\u2019\u00e9voluer dans le temps.\t\t\t\t\t\t<\/div>\n\t\t\t\t<\/div>\n\t\t\t\t\t<\/div>\n\t\t\t\t<\/div>\n\t\t\t\t<\/div>\n\t\t","protected":false},"excerpt":{"rendered":"<p>CHARTE DE CONFIDENTIALIT\u00c9 INTRODUCTION &nbsp; La soci\u00e9t\u00e9 Champagne Monmarthe, SAS au capital de 195 500 euros sis 38 Rue Victor Hugo 51500 Ludes, enregistr\u00e9e au RCS de Reims sous le n\u00b0351 746 532 est amen\u00e9e \u00e0 collecter des donn\u00e9es personnelles dans le cadre de son activit\u00e9. &nbsp; En vous rendant sur notre site Internet https:\/\/champagne-monmarthe.com, [&hellip;]<\/p>\n","protected":false},"author":3,"featured_media":0,"parent":0,"menu_order":0,"comment_status":"closed","ping_status":"closed","template":"elementor_header_footer","meta":{"footnotes":""},"class_list":["post-1656","page","type-page","status-publish","hentry"],"yoast_head":"<!-- This site is optimized with the Yoast SEO plugin v23.4 - https:\/\/yoast.com\/wordpress\/plugins\/seo\/ -->\n<title>CHARTE DE CONFIDENTIALIT\u00c9 - Champagne Monmarthe<\/title>\n<meta name=\"robots\" content=\"index, follow, max-snippet:-1, max-image-preview:large, max-video-preview:-1\" \/>\n<link rel=\"canonical\" href=\"https:\/\/champagne-monmarthe.com\/privacy-policy-page\/\" \/>\n<meta property=\"og:locale\" content=\"fr_FR\" \/>\n<meta property=\"og:type\" content=\"article\" \/>\n<meta property=\"og:title\" content=\"CHARTE DE CONFIDENTIALIT\u00c9 - Champagne Monmarthe\" \/>\n<meta property=\"og:description\" content=\"CHARTE DE CONFIDENTIALIT\u00c9 INTRODUCTION &nbsp; La soci\u00e9t\u00e9 Champagne Monmarthe, SAS au capital de 195 500 euros sis 38 Rue Victor Hugo 51500 Ludes, enregistr\u00e9e au RCS de Reims sous le n\u00b0351 746 532 est amen\u00e9e \u00e0 collecter des donn\u00e9es personnelles dans le cadre de son activit\u00e9. &nbsp; En vous rendant sur notre site Internet https:\/\/champagne-monmarthe.com, [&hellip;]\" \/>\n<meta property=\"og:url\" content=\"https:\/\/champagne-monmarthe.com\/privacy-policy-page\/\" \/>\n<meta property=\"og:site_name\" content=\"Champagne Monmarthe\" \/>\n<meta property=\"article:modified_time\" content=\"2024-02-29T16:46:55+00:00\" \/>\n<meta name=\"twitter:card\" content=\"summary_large_image\" \/>\n<meta name=\"twitter:label1\" content=\"Dur\u00e9e de lecture estim\u00e9e\" \/>\n\t<meta name=\"twitter:data1\" content=\"6 minutes\" \/>\n<script type=\"application\/ld+json\" class=\"yoast-schema-graph\">{\"@context\":\"https:\/\/schema.org\",\"@graph\":[{\"@type\":\"WebPage\",\"@id\":\"https:\/\/champagne-monmarthe.com\/privacy-policy-page\/\",\"url\":\"https:\/\/champagne-monmarthe.com\/privacy-policy-page\/\",\"name\":\"CHARTE DE CONFIDENTIALIT\u00c9 - Champagne Monmarthe\",\"isPartOf\":{\"@id\":\"https:\/\/champagne-monmarthe.com\/#website\"},\"datePublished\":\"2024-01-16T16:50:30+00:00\",\"dateModified\":\"2024-02-29T16:46:55+00:00\",\"breadcrumb\":{\"@id\":\"https:\/\/champagne-monmarthe.com\/privacy-policy-page\/#breadcrumb\"},\"inLanguage\":\"fr-FR\",\"potentialAction\":[{\"@type\":\"ReadAction\",\"target\":[\"https:\/\/champagne-monmarthe.com\/privacy-policy-page\/\"]}]},{\"@type\":\"BreadcrumbList\",\"@id\":\"https:\/\/champagne-monmarthe.com\/privacy-policy-page\/#breadcrumb\",\"itemListElement\":[{\"@type\":\"ListItem\",\"position\":1,\"name\":\"Home\",\"item\":\"https:\/\/champagne-monmarthe.com\/fr\/\"},{\"@type\":\"ListItem\",\"position\":2,\"name\":\"CHARTE DE CONFIDENTIALIT\u00c9\"}]},{\"@type\":\"WebSite\",\"@id\":\"https:\/\/champagne-monmarthe.com\/#website\",\"url\":\"https:\/\/champagne-monmarthe.com\/\",\"name\":\"Champagne Monmarthe\",\"description\":\"\",\"publisher\":{\"@id\":\"https:\/\/champagne-monmarthe.com\/#organization\"},\"potentialAction\":[{\"@type\":\"SearchAction\",\"target\":{\"@type\":\"EntryPoint\",\"urlTemplate\":\"https:\/\/champagne-monmarthe.com\/?s={search_term_string}\"},\"query-input\":{\"@type\":\"PropertyValueSpecification\",\"valueRequired\":true,\"valueName\":\"search_term_string\"}}],\"inLanguage\":\"fr-FR\"},{\"@type\":\"Organization\",\"@id\":\"https:\/\/champagne-monmarthe.com\/#organization\",\"name\":\"Champagne Monmarthe\",\"url\":\"https:\/\/champagne-monmarthe.com\/\",\"logo\":{\"@type\":\"ImageObject\",\"inLanguage\":\"fr-FR\",\"@id\":\"https:\/\/champagne-monmarthe.com\/#\/schema\/logo\/image\/\",\"url\":\"https:\/\/champagne-monmarthe.com\/wp-content\/uploads\/2023\/12\/LOGO.svg\",\"contentUrl\":\"https:\/\/champagne-monmarthe.com\/wp-content\/uploads\/2023\/12\/LOGO.svg\",\"width\":206,\"height\":96,\"caption\":\"Champagne Monmarthe\"},\"image\":{\"@id\":\"https:\/\/champagne-monmarthe.com\/#\/schema\/logo\/image\/\"}}]}<\/script>\n<!-- \/ Yoast SEO plugin. -->","yoast_head_json":{"title":"CHARTE DE CONFIDENTIALIT\u00c9 - Champagne Monmarthe","robots":{"index":"index","follow":"follow","max-snippet":"max-snippet:-1","max-image-preview":"max-image-preview:large","max-video-preview":"max-video-preview:-1"},"canonical":"https:\/\/champagne-monmarthe.com\/privacy-policy-page\/","og_locale":"fr_FR","og_type":"article","og_title":"CHARTE DE CONFIDENTIALIT\u00c9 - Champagne Monmarthe","og_description":"CHARTE DE CONFIDENTIALIT\u00c9 INTRODUCTION &nbsp; La soci\u00e9t\u00e9 Champagne Monmarthe, SAS au capital de 195 500 euros sis 38 Rue Victor Hugo 51500 Ludes, enregistr\u00e9e au RCS de Reims sous le n\u00b0351 746 532 est amen\u00e9e \u00e0 collecter des donn\u00e9es personnelles dans le cadre de son activit\u00e9. &nbsp; En vous rendant sur notre site Internet https:\/\/champagne-monmarthe.com, [&hellip;]","og_url":"https:\/\/champagne-monmarthe.com\/privacy-policy-page\/","og_site_name":"Champagne Monmarthe","article_modified_time":"2024-02-29T16:46:55+00:00","twitter_card":"summary_large_image","twitter_misc":{"Dur\u00e9e de lecture estim\u00e9e":"6 minutes"},"schema":{"@context":"https:\/\/schema.org","@graph":[{"@type":"WebPage","@id":"https:\/\/champagne-monmarthe.com\/privacy-policy-page\/","url":"https:\/\/champagne-monmarthe.com\/privacy-policy-page\/","name":"CHARTE DE CONFIDENTIALIT\u00c9 - Champagne Monmarthe","isPartOf":{"@id":"https:\/\/champagne-monmarthe.com\/#website"},"datePublished":"2024-01-16T16:50:30+00:00","dateModified":"2024-02-29T16:46:55+00:00","breadcrumb":{"@id":"https:\/\/champagne-monmarthe.com\/privacy-policy-page\/#breadcrumb"},"inLanguage":"fr-FR","potentialAction":[{"@type":"ReadAction","target":["https:\/\/champagne-monmarthe.com\/privacy-policy-page\/"]}]},{"@type":"BreadcrumbList","@id":"https:\/\/champagne-monmarthe.com\/privacy-policy-page\/#breadcrumb","itemListElement":[{"@type":"ListItem","position":1,"name":"Home","item":"https:\/\/champagne-monmarthe.com\/fr\/"},{"@type":"ListItem","position":2,"name":"CHARTE DE CONFIDENTIALIT\u00c9"}]},{"@type":"WebSite","@id":"https:\/\/champagne-monmarthe.com\/#website","url":"https:\/\/champagne-monmarthe.com\/","name":"Champagne Monmarthe","description":"","publisher":{"@id":"https:\/\/champagne-monmarthe.com\/#organization"},"potentialAction":[{"@type":"SearchAction","target":{"@type":"EntryPoint","urlTemplate":"https:\/\/champagne-monmarthe.com\/?s={search_term_string}"},"query-input":{"@type":"PropertyValueSpecification","valueRequired":true,"valueName":"search_term_string"}}],"inLanguage":"fr-FR"},{"@type":"Organization","@id":"https:\/\/champagne-monmarthe.com\/#organization","name":"Champagne Monmarthe","url":"https:\/\/champagne-monmarthe.com\/","logo":{"@type":"ImageObject","inLanguage":"fr-FR","@id":"https:\/\/champagne-monmarthe.com\/#\/schema\/logo\/image\/","url":"https:\/\/champagne-monmarthe.com\/wp-content\/uploads\/2023\/12\/LOGO.svg","contentUrl":"https:\/\/champagne-monmarthe.com\/wp-content\/uploads\/2023\/12\/LOGO.svg","width":206,"height":96,"caption":"Champagne Monmarthe"},"image":{"@id":"https:\/\/champagne-monmarthe.com\/#\/schema\/logo\/image\/"}}]}},"_links":{"self":[{"href":"https:\/\/champagne-monmarthe.com\/fr\/wp-json\/wp\/v2\/pages\/1656","targetHints":{"allow":["GET"]}}],"collection":[{"href":"https:\/\/champagne-monmarthe.com\/fr\/wp-json\/wp\/v2\/pages"}],"about":[{"href":"https:\/\/champagne-monmarthe.com\/fr\/wp-json\/wp\/v2\/types\/page"}],"author":[{"embeddable":true,"href":"https:\/\/champagne-monmarthe.com\/fr\/wp-json\/wp\/v2\/users\/3"}],"replies":[{"embeddable":true,"href":"https:\/\/champagne-monmarthe.com\/fr\/wp-json\/wp\/v2\/comments?post=1656"}],"version-history":[{"count":3,"href":"https:\/\/champagne-monmarthe.com\/fr\/wp-json\/wp\/v2\/pages\/1656\/revisions"}],"predecessor-version":[{"id":1659,"href":"https:\/\/champagne-monmarthe.com\/fr\/wp-json\/wp\/v2\/pages\/1656\/revisions\/1659"}],"wp:attachment":[{"href":"https:\/\/champagne-monmarthe.com\/fr\/wp-json\/wp\/v2\/media?parent=1656"}],"curies":[{"name":"wp","href":"https:\/\/api.w.org\/{rel}","templated":true}]}}