{"id":1634,"date":"2024-02-27T12:18:06","date_gmt":"2024-02-27T12:18:06","guid":{"rendered":"https:\/\/champagne-monmarthe.com\/cart\/"},"modified":"2024-02-29T16:09:48","modified_gmt":"2024-02-29T16:09:48","slug":"cart","status":"publish","type":"page","link":"https:\/\/champagne-monmarthe.com\/fr\/cart\/","title":{"rendered":"Cart"},"content":{"rendered":"<div data-block-name=\"woocommerce\/cart\" data-translated-with-w-p-m-l-t-m=\"1\" class=\"wp-block-woocommerce-cart alignwide is-loading\"><div data-block-name=\"woocommerce\/filled-cart-block\" data-translated-with-w-p-m-l-t-m=\"1\" class=\"wp-block-woocommerce-filled-cart-block\"><div data-block-name=\"woocommerce\/cart-items-block\" data-translated-with-w-p-m-l-t-m=\"1\" class=\"wp-block-woocommerce-cart-items-block\"><div data-block-name=\"woocommerce\/cart-line-items-block\" data-translated-with-w-p-m-l-t-m=\"1\" class=\"wp-block-woocommerce-cart-line-items-block\"><\/div>\n\n<div data-block-name=\"woocommerce\/cart-cross-sells-block\" data-translated-with-w-p-m-l-t-m=\"1\" class=\"wp-block-woocommerce-cart-cross-sells-block\">\n<h2 class=\"wp-block-heading has-large-font-size\">Vous pourriez \u00eatre int\u00e9ress\u00e9 par&#8230;<\/h2>\n\n\n<div data-block-name=\"woocommerce\/cart-cross-sells-products-block\" data-translated-with-w-p-m-l-t-m=\"1\" class=\"wp-block-woocommerce-cart-cross-sells-products-block\"><\/div><\/div><\/div>\n\n<div data-block-name=\"woocommerce\/cart-totals-block\" data-translated-with-w-p-m-l-t-m=\"1\" class=\"wp-block-woocommerce-cart-totals-block\"><div data-block-name=\"woocommerce\/cart-order-summary-block\" data-translated-with-w-p-m-l-t-m=\"1\" class=\"wp-block-woocommerce-cart-order-summary-block\"><div data-block-name=\"woocommerce\/cart-order-summary-heading-block\" data-translated-with-w-p-m-l-t-m=\"1\" class=\"wp-block-woocommerce-cart-order-summary-heading-block\"><\/div>\n\n<div data-block-name=\"woocommerce\/cart-order-summary-coupon-form-block\" data-translated-with-w-p-m-l-t-m=\"1\" class=\"wp-block-woocommerce-cart-order-summary-coupon-form-block\"><\/div>\n\n<div data-block-name=\"woocommerce\/cart-order-summary-subtotal-block\" data-translated-with-w-p-m-l-t-m=\"1\" class=\"wp-block-woocommerce-cart-order-summary-subtotal-block\"><\/div>\n\n<div data-block-name=\"woocommerce\/cart-order-summary-fee-block\" data-translated-with-w-p-m-l-t-m=\"1\" class=\"wp-block-woocommerce-cart-order-summary-fee-block\"><\/div>\n\n<div data-block-name=\"woocommerce\/cart-order-summary-discount-block\" data-translated-with-w-p-m-l-t-m=\"1\" class=\"wp-block-woocommerce-cart-order-summary-discount-block\"><\/div>\n\n<div data-block-name=\"woocommerce\/cart-order-summary-shipping-block\" data-translated-with-w-p-m-l-t-m=\"1\" class=\"wp-block-woocommerce-cart-order-summary-shipping-block\"><\/div>\n\n<div data-block-name=\"woocommerce\/cart-order-summary-taxes-block\" data-translated-with-w-p-m-l-t-m=\"1\" class=\"wp-block-woocommerce-cart-order-summary-taxes-block\"><\/div><\/div>\n\n<div data-block-name=\"woocommerce\/cart-express-payment-block\" data-translated-with-w-p-m-l-t-m=\"1\" class=\"wp-block-woocommerce-cart-express-payment-block\"><\/div>\n\n<div data-block-name=\"woocommerce\/proceed-to-checkout-block\" data-translated-with-w-p-m-l-t-m=\"1\" class=\"wp-block-woocommerce-proceed-to-checkout-block\"><\/div>\n\n<div data-block-name=\"woocommerce\/cart-accepted-payment-methods-block\" data-translated-with-w-p-m-l-t-m=\"1\" class=\"wp-block-woocommerce-cart-accepted-payment-methods-block\"><\/div><\/div><\/div>\n\n<div data-block-name=\"woocommerce\/empty-cart-block\" data-translated-with-w-p-m-l-t-m=\"1\" class=\"wp-block-woocommerce-empty-cart-block\">\n<h2 class=\"wp-block-heading has-text-align-center with-empty-cart-icon wc-block-cart__empty-cart__title\">Votre panier est vide !<\/h2>\n\n\n\n<hr class=\"wp-block-separator has-alpha-channel-opacity is-style-dots\"\/>\n\n\n\n<h2 class=\"wp-block-heading has-text-align-center\">Nouveau en boutique<\/h2>\n\n\n<div data-block-name=\"woocommerce\/product-new\" data-columns=\"4\" data-rows=\"1\" class=\"wc-block-grid wp-block-product-new wc-block-product-new has-4-columns\"><ul class=\"wc-block-grid__products\"><li class=\"wc-block-grid__product\">\n\t\t\t\t<a href=\"https:\/\/champagne-monmarthe.com\/fr\/product\/secret-de-famille\/\" class=\"wc-block-grid__product-link\">\n\t\t\t\t\t\n\t\t\t\t\t<div class=\"wc-block-grid__product-image\"><img fetchpriority=\"high\" decoding=\"async\" width=\"300\" height=\"300\" src=\"https:\/\/champagne-monmarthe.com\/wp-content\/uploads\/2024\/01\/new-bottle4-300x300.png\" class=\"attachment-woocommerce_thumbnail size-woocommerce_thumbnail\" alt=\"Secret de famille\" srcset=\"https:\/\/champagne-monmarthe.com\/wp-content\/uploads\/2024\/01\/new-bottle4-300x300.png 300w, https:\/\/champagne-monmarthe.com\/wp-content\/uploads\/2024\/01\/new-bottle4-150x150.png 150w, https:\/\/champagne-monmarthe.com\/wp-content\/uploads\/2024\/01\/new-bottle4-768x768.png 768w, https:\/\/champagne-monmarthe.com\/wp-content\/uploads\/2024\/01\/new-bottle4-600x600.png 600w, https:\/\/champagne-monmarthe.com\/wp-content\/uploads\/2024\/01\/new-bottle4-100x100.png 100w, https:\/\/champagne-monmarthe.com\/wp-content\/uploads\/2024\/01\/new-bottle4-50x50.png 50w, https:\/\/champagne-monmarthe.com\/wp-content\/uploads\/2024\/01\/new-bottle4.png 1000w\" sizes=\"(max-width: 300px) 100vw, 300px\" \/><\/div>\n\t\t\t\t\t<div class=\"wc-block-grid__product-title\">Secret de famille<\/div>\n\t\t\t\t<\/a>\n\t\t\t\t<div class=\"wc-block-grid__product-price price\"><span class=\"woocommerce-Price-amount amount\">13,00&nbsp;<span class=\"woocommerce-Price-currencySymbol\">&euro;<\/span><\/span> &ndash; <span class=\"woocommerce-Price-amount amount\">26,00&nbsp;<span class=\"woocommerce-Price-currencySymbol\">&euro;<\/span><\/span><\/div>\n\t\t\t\t\n\t\t\t\t<div class=\"wp-block-button wc-block-grid__product-add-to-cart\"><a href=\"https:\/\/champagne-monmarthe.com\/fr\/product\/secret-de-famille\/\" aria-label=\"Select options for &ldquo;Secret de famille&rdquo;\" data-quantity=\"1\" data-product_id=\"1863\" data-product_sku=\"\" data-price=\"13\" rel=\"nofollow\" class=\"wp-block-button__link  add_to_cart_button\">Select options<\/a><\/div>\n\t\t\t<\/li><li class=\"wc-block-grid__product\">\n\t\t\t\t<a href=\"https:\/\/champagne-monmarthe.com\/fr\/product\/privilege\/\" class=\"wc-block-grid__product-link\">\n\t\t\t\t\t\n\t\t\t\t\t<div class=\"wc-block-grid__product-image\"><img decoding=\"async\" width=\"300\" height=\"300\" src=\"https:\/\/champagne-monmarthe.com\/wp-content\/uploads\/2024\/01\/new-bottle3-300x300.png\" class=\"attachment-woocommerce_thumbnail size-woocommerce_thumbnail\" alt=\"Privil\u00e8ge\" srcset=\"https:\/\/champagne-monmarthe.com\/wp-content\/uploads\/2024\/01\/new-bottle3-300x300.png 300w, https:\/\/champagne-monmarthe.com\/wp-content\/uploads\/2024\/01\/new-bottle3-150x150.png 150w, https:\/\/champagne-monmarthe.com\/wp-content\/uploads\/2024\/01\/new-bottle3-768x768.png 768w, https:\/\/champagne-monmarthe.com\/wp-content\/uploads\/2024\/01\/new-bottle3-600x600.png 600w, https:\/\/champagne-monmarthe.com\/wp-content\/uploads\/2024\/01\/new-bottle3-100x100.png 100w, https:\/\/champagne-monmarthe.com\/wp-content\/uploads\/2024\/01\/new-bottle3-50x50.png 50w, https:\/\/champagne-monmarthe.com\/wp-content\/uploads\/2024\/01\/new-bottle3.png 1000w\" sizes=\"(max-width: 300px) 100vw, 300px\" \/><\/div>\n\t\t\t\t\t<div class=\"wc-block-grid__product-title\">Privil\u00e8ge<\/div>\n\t\t\t\t<\/a>\n\t\t\t\t<div class=\"wc-block-grid__product-price price\"><span class=\"woocommerce-Price-amount amount\">29,00&nbsp;<span class=\"woocommerce-Price-currencySymbol\">&euro;<\/span><\/span> &ndash; <span class=\"woocommerce-Price-amount amount\">60,00&nbsp;<span class=\"woocommerce-Price-currencySymbol\">&euro;<\/span><\/span><\/div>\n\t\t\t\t\n\t\t\t\t<div class=\"wp-block-button wc-block-grid__product-add-to-cart\"><a href=\"https:\/\/champagne-monmarthe.com\/fr\/product\/privilege\/\" aria-label=\"Select options for &ldquo;Privil\u00e8ge&rdquo;\" data-quantity=\"1\" data-product_id=\"1867\" data-product_sku=\"\" data-price=\"29\" rel=\"nofollow\" class=\"wp-block-button__link  add_to_cart_button\">Select options<\/a><\/div>\n\t\t\t<\/li><li class=\"wc-block-grid__product\">\n\t\t\t\t<a href=\"https:\/\/champagne-monmarthe.com\/fr\/product\/coup-de-coeur\/\" class=\"wc-block-grid__product-link\">\n\t\t\t\t\t\n\t\t\t\t\t<div class=\"wc-block-grid__product-image\"><img decoding=\"async\" width=\"300\" height=\"300\" src=\"https:\/\/champagne-monmarthe.com\/wp-content\/uploads\/2024\/01\/new-bottle-300x300.png\" class=\"attachment-woocommerce_thumbnail size-woocommerce_thumbnail\" alt=\"Coup de c\u0153ur\" srcset=\"https:\/\/champagne-monmarthe.com\/wp-content\/uploads\/2024\/01\/new-bottle-300x300.png 300w, https:\/\/champagne-monmarthe.com\/wp-content\/uploads\/2024\/01\/new-bottle-150x150.png 150w, https:\/\/champagne-monmarthe.com\/wp-content\/uploads\/2024\/01\/new-bottle-768x768.png 768w, https:\/\/champagne-monmarthe.com\/wp-content\/uploads\/2024\/01\/new-bottle-600x600.png 600w, https:\/\/champagne-monmarthe.com\/wp-content\/uploads\/2024\/01\/new-bottle-100x100.png 100w, https:\/\/champagne-monmarthe.com\/wp-content\/uploads\/2024\/01\/new-bottle-50x50.png 50w, https:\/\/champagne-monmarthe.com\/wp-content\/uploads\/2024\/01\/new-bottle.png 1000w\" sizes=\"(max-width: 300px) 100vw, 300px\" \/><\/div>\n\t\t\t\t\t<div class=\"wc-block-grid__product-title\">Coup de c\u0153ur<\/div>\n\t\t\t\t<\/a>\n\t\t\t\t<div class=\"wc-block-grid__product-price price\"><span class=\"woocommerce-Price-amount amount\">33,00&nbsp;<span class=\"woocommerce-Price-currencySymbol\">&euro;<\/span><\/span><\/div>\n\t\t\t\t\n\t\t\t\t<div class=\"wp-block-button wc-block-grid__product-add-to-cart\"><a href=\"https:\/\/champagne-monmarthe.com\/fr\/product\/coup-de-coeur\/\" aria-label=\"Select options for &ldquo;Coup de c\u0153ur&rdquo;\" data-quantity=\"1\" data-product_id=\"1877\" data-product_sku=\"\" data-price=\"33\" rel=\"nofollow\" class=\"wp-block-button__link  add_to_cart_button\">Select options<\/a><\/div>\n\t\t\t<\/li><li class=\"wc-block-grid__product\">\n\t\t\t\t<a href=\"https:\/\/champagne-monmarthe.com\/fr\/product\/rose-de-ludes\/\" class=\"wc-block-grid__product-link\">\n\t\t\t\t\t\n\t\t\t\t\t<div class=\"wc-block-grid__product-image\"><img loading=\"lazy\" decoding=\"async\" width=\"300\" height=\"300\" src=\"https:\/\/champagne-monmarthe.com\/wp-content\/uploads\/2024\/01\/new-bottle5-300x300.png\" class=\"attachment-woocommerce_thumbnail size-woocommerce_thumbnail\" alt=\"Rose de Ludes\" srcset=\"https:\/\/champagne-monmarthe.com\/wp-content\/uploads\/2024\/01\/new-bottle5-300x300.png 300w, https:\/\/champagne-monmarthe.com\/wp-content\/uploads\/2024\/01\/new-bottle5-150x150.png 150w, https:\/\/champagne-monmarthe.com\/wp-content\/uploads\/2024\/01\/new-bottle5-768x768.png 768w, https:\/\/champagne-monmarthe.com\/wp-content\/uploads\/2024\/01\/new-bottle5-600x600.png 600w, https:\/\/champagne-monmarthe.com\/wp-content\/uploads\/2024\/01\/new-bottle5-100x100.png 100w, https:\/\/champagne-monmarthe.com\/wp-content\/uploads\/2024\/01\/new-bottle5-50x50.png 50w, https:\/\/champagne-monmarthe.com\/wp-content\/uploads\/2024\/01\/new-bottle5.png 1000w\" sizes=\"(max-width: 300px) 100vw, 300px\" \/><\/div>\n\t\t\t\t\t<div class=\"wc-block-grid__product-title\">Rose de Ludes<\/div>\n\t\t\t\t<\/a>\n\t\t\t\t<div class=\"wc-block-grid__product-price price\"><\/div>\n\t\t\t\t\n\t\t\t\t<div class=\"wp-block-button wc-block-grid__product-add-to-cart\"><a href=\"https:\/\/champagne-monmarthe.com\/fr\/product\/rose-de-ludes\/\" aria-label=\"Select options for &ldquo;Rose de Ludes&rdquo;\" data-quantity=\"1\" data-product_id=\"1871\" data-product_sku=\"\" data-price=\"0\" rel=\"nofollow\" class=\"wp-block-button__link  add_to_cart_button\">Read more<\/a><\/div>\n\t\t\t<\/li><\/ul><\/div><\/div><\/div>","protected":false},"excerpt":{"rendered":"","protected":false},"author":1,"featured_media":0,"parent":0,"menu_order":0,"comment_status":"closed","ping_status":"closed","template":"","meta":{"footnotes":""},"class_list":["post-1634","page","type-page","status-publish","hentry"],"yoast_head":"<!-- This site is optimized with the Yoast SEO plugin v23.4 - https:\/\/yoast.com\/wordpress\/plugins\/seo\/ -->\n<title>Cart - Champagne Monmarthe<\/title>\n<meta name=\"robots\" content=\"index, follow, max-snippet:-1, max-image-preview:large, max-video-preview:-1\" \/>\n<link rel=\"canonical\" href=\"https:\/\/champagne-monmarthe.com\/fr\/cart\/\" \/>\n<meta property=\"og:locale\" content=\"fr_FR\" \/>\n<meta property=\"og:type\" content=\"article\" \/>\n<meta property=\"og:title\" content=\"Cart - Champagne Monmarthe\" \/>\n<meta property=\"og:url\" content=\"https:\/\/champagne-monmarthe.com\/fr\/cart\/\" \/>\n<meta property=\"og:site_name\" content=\"Champagne Monmarthe\" \/>\n<meta property=\"article:modified_time\" content=\"2024-02-29T16:09:48+00:00\" \/>\n<meta name=\"twitter:card\" content=\"summary_large_image\" \/>\n<script type=\"application\/ld+json\" class=\"yoast-schema-graph\">{\"@context\":\"https:\/\/schema.org\",\"@graph\":[{\"@type\":\"WebPage\",\"@id\":\"https:\/\/champagne-monmarthe.com\/fr\/cart\/\",\"url\":\"https:\/\/champagne-monmarthe.com\/fr\/cart\/\",\"name\":\"Cart - Champagne Monmarthe\",\"isPartOf\":{\"@id\":\"https:\/\/champagne-monmarthe.com\/#website\"},\"datePublished\":\"2024-02-27T12:18:06+00:00\",\"dateModified\":\"2024-02-29T16:09:48+00:00\",\"breadcrumb\":{\"@id\":\"https:\/\/champagne-monmarthe.com\/fr\/cart\/#breadcrumb\"},\"inLanguage\":\"fr-FR\",\"potentialAction\":[{\"@type\":\"ReadAction\",\"target\":[\"https:\/\/champagne-monmarthe.com\/fr\/cart\/\"]}]},{\"@type\":\"BreadcrumbList\",\"@id\":\"https:\/\/champagne-monmarthe.com\/fr\/cart\/#breadcrumb\",\"itemListElement\":[{\"@type\":\"ListItem\",\"position\":1,\"name\":\"Home\",\"item\":\"https:\/\/champagne-monmarthe.com\/fr\/\"},{\"@type\":\"ListItem\",\"position\":2,\"name\":\"Cart\"}]},{\"@type\":\"WebSite\",\"@id\":\"https:\/\/champagne-monmarthe.com\/#website\",\"url\":\"https:\/\/champagne-monmarthe.com\/\",\"name\":\"Champagne Monmarthe\",\"description\":\"\",\"publisher\":{\"@id\":\"https:\/\/champagne-monmarthe.com\/#organization\"},\"potentialAction\":[{\"@type\":\"SearchAction\",\"target\":{\"@type\":\"EntryPoint\",\"urlTemplate\":\"https:\/\/champagne-monmarthe.com\/?s={search_term_string}\"},\"query-input\":{\"@type\":\"PropertyValueSpecification\",\"valueRequired\":true,\"valueName\":\"search_term_string\"}}],\"inLanguage\":\"fr-FR\"},{\"@type\":\"Organization\",\"@id\":\"https:\/\/champagne-monmarthe.com\/#organization\",\"name\":\"Champagne Monmarthe\",\"url\":\"https:\/\/champagne-monmarthe.com\/\",\"logo\":{\"@type\":\"ImageObject\",\"inLanguage\":\"fr-FR\",\"@id\":\"https:\/\/champagne-monmarthe.com\/#\/schema\/logo\/image\/\",\"url\":\"https:\/\/champagne-monmarthe.com\/wp-content\/uploads\/2023\/12\/LOGO.svg\",\"contentUrl\":\"https:\/\/champagne-monmarthe.com\/wp-content\/uploads\/2023\/12\/LOGO.svg\",\"width\":206,\"height\":96,\"caption\":\"Champagne Monmarthe\"},\"image\":{\"@id\":\"https:\/\/champagne-monmarthe.com\/#\/schema\/logo\/image\/\"}}]}<\/script>\n<!-- \/ Yoast SEO plugin. -->","yoast_head_json":{"title":"Cart - Champagne Monmarthe","robots":{"index":"index","follow":"follow","max-snippet":"max-snippet:-1","max-image-preview":"max-image-preview:large","max-video-preview":"max-video-preview:-1"},"canonical":"https:\/\/champagne-monmarthe.com\/fr\/cart\/","og_locale":"fr_FR","og_type":"article","og_title":"Cart - Champagne Monmarthe","og_url":"https:\/\/champagne-monmarthe.com\/fr\/cart\/","og_site_name":"Champagne Monmarthe","article_modified_time":"2024-02-29T16:09:48+00:00","twitter_card":"summary_large_image","schema":{"@context":"https:\/\/schema.org","@graph":[{"@type":"WebPage","@id":"https:\/\/champagne-monmarthe.com\/fr\/cart\/","url":"https:\/\/champagne-monmarthe.com\/fr\/cart\/","name":"Cart - Champagne Monmarthe","isPartOf":{"@id":"https:\/\/champagne-monmarthe.com\/#website"},"datePublished":"2024-02-27T12:18:06+00:00","dateModified":"2024-02-29T16:09:48+00:00","breadcrumb":{"@id":"https:\/\/champagne-monmarthe.com\/fr\/cart\/#breadcrumb"},"inLanguage":"fr-FR","potentialAction":[{"@type":"ReadAction","target":["https:\/\/champagne-monmarthe.com\/fr\/cart\/"]}]},{"@type":"BreadcrumbList","@id":"https:\/\/champagne-monmarthe.com\/fr\/cart\/#breadcrumb","itemListElement":[{"@type":"ListItem","position":1,"name":"Home","item":"https:\/\/champagne-monmarthe.com\/fr\/"},{"@type":"ListItem","position":2,"name":"Cart"}]},{"@type":"WebSite","@id":"https:\/\/champagne-monmarthe.com\/#website","url":"https:\/\/champagne-monmarthe.com\/","name":"Champagne Monmarthe","description":"","publisher":{"@id":"https:\/\/champagne-monmarthe.com\/#organization"},"potentialAction":[{"@type":"SearchAction","target":{"@type":"EntryPoint","urlTemplate":"https:\/\/champagne-monmarthe.com\/?s={search_term_string}"},"query-input":{"@type":"PropertyValueSpecification","valueRequired":true,"valueName":"search_term_string"}}],"inLanguage":"fr-FR"},{"@type":"Organization","@id":"https:\/\/champagne-monmarthe.com\/#organization","name":"Champagne Monmarthe","url":"https:\/\/champagne-monmarthe.com\/","logo":{"@type":"ImageObject","inLanguage":"fr-FR","@id":"https:\/\/champagne-monmarthe.com\/#\/schema\/logo\/image\/","url":"https:\/\/champagne-monmarthe.com\/wp-content\/uploads\/2023\/12\/LOGO.svg","contentUrl":"https:\/\/champagne-monmarthe.com\/wp-content\/uploads\/2023\/12\/LOGO.svg","width":206,"height":96,"caption":"Champagne Monmarthe"},"image":{"@id":"https:\/\/champagne-monmarthe.com\/#\/schema\/logo\/image\/"}}]}},"_links":{"self":[{"href":"https:\/\/champagne-monmarthe.com\/fr\/wp-json\/wp\/v2\/pages\/1634","targetHints":{"allow":["GET"]}}],"collection":[{"href":"https:\/\/champagne-monmarthe.com\/fr\/wp-json\/wp\/v2\/pages"}],"about":[{"href":"https:\/\/champagne-monmarthe.com\/fr\/wp-json\/wp\/v2\/types\/page"}],"author":[{"embeddable":true,"href":"https:\/\/champagne-monmarthe.com\/fr\/wp-json\/wp\/v2\/users\/1"}],"replies":[{"embeddable":true,"href":"https:\/\/champagne-monmarthe.com\/fr\/wp-json\/wp\/v2\/comments?post=1634"}],"version-history":[{"count":1,"href":"https:\/\/champagne-monmarthe.com\/fr\/wp-json\/wp\/v2\/pages\/1634\/revisions"}],"predecessor-version":[{"id":1635,"href":"https:\/\/champagne-monmarthe.com\/fr\/wp-json\/wp\/v2\/pages\/1634\/revisions\/1635"}],"wp:attachment":[{"href":"https:\/\/champagne-monmarthe.com\/fr\/wp-json\/wp\/v2\/media?parent=1634"}],"curies":[{"name":"wp","href":"https:\/\/api.w.org\/{rel}","templated":true}]}}