{"id":1537,"date":"2024-01-10T11:51:14","date_gmt":"2024-01-10T11:51:14","guid":{"rendered":"https:\/\/champagne-monmarthe.com\/nous-contacter\/"},"modified":"2024-04-23T10:02:39","modified_gmt":"2024-04-23T10:02:39","slug":"nous-contacter","status":"publish","type":"page","link":"https:\/\/champagne-monmarthe.com\/fr\/nous-contacter\/","title":{"rendered":"Nous contacter"},"content":{"rendered":"\t\t<div data-elementor-type=\"wp-page\" data-elementor-id=\"1537\" class=\"elementor elementor-1537 elementor-622\" data-elementor-post-type=\"page\">\n\t\t\t\t<div class=\"elementor-element elementor-element-fb92e3a e-flex e-con-boxed e-con e-parent\" data-id=\"fb92e3a\" data-element_type=\"container\" data-settings=\"{&quot;background_background&quot;:&quot;classic&quot;,&quot;jet_parallax_layout_list&quot;:[]}\" data-core-v316-plus=\"true\">\n\t\t\t\t\t<div class=\"e-con-inner\">\n\t\t\t\t<div class=\"elementor-element elementor-element-bd9621f elementor-widget elementor-widget-heading\" data-id=\"bd9621f\" data-element_type=\"widget\" data-widget_type=\"heading.default\">\n\t\t\t\t<div class=\"elementor-widget-container\">\n\t\t\t<style>\/*! elementor - v3.20.0 - 26-03-2024 *\/\n.elementor-heading-title{padding:0;margin:0;line-height:1}.elementor-widget-heading .elementor-heading-title[class*=elementor-size-]>a{color:inherit;font-size:inherit;line-height:inherit}.elementor-widget-heading .elementor-heading-title.elementor-size-small{font-size:15px}.elementor-widget-heading .elementor-heading-title.elementor-size-medium{font-size:19px}.elementor-widget-heading .elementor-heading-title.elementor-size-large{font-size:29px}.elementor-widget-heading .elementor-heading-title.elementor-size-xl{font-size:39px}.elementor-widget-heading .elementor-heading-title.elementor-size-xxl{font-size:59px}<\/style><h1 class=\"elementor-heading-title elementor-size-default\">Nous contacter<\/h1>\t\t<\/div>\n\t\t\t\t<\/div>\n\t\t\t\t\t<\/div>\n\t\t\t\t<\/div>\n\t\t<div class=\"elementor-element elementor-element-b5c3a0d e-flex e-con-boxed e-con e-parent\" data-id=\"b5c3a0d\" data-element_type=\"container\" data-settings=\"{&quot;background_background&quot;:&quot;classic&quot;,&quot;jet_parallax_layout_list&quot;:[]}\" data-core-v316-plus=\"true\">\n\t\t\t\t\t<div class=\"e-con-inner\">\n\t\t\t\t<div class=\"elementor-element elementor-element-a473989 elementor-widget__width-initial elementor-widget elementor-widget-google_maps\" data-id=\"a473989\" data-element_type=\"widget\" data-widget_type=\"google_maps.default\">\n\t\t\t\t<div class=\"elementor-widget-container\">\n\t\t\t<style>\/*! elementor - v3.20.0 - 26-03-2024 *\/\n.elementor-widget-google_maps .elementor-widget-container{overflow:hidden}.elementor-widget-google_maps .elementor-custom-embed{line-height:0}.elementor-widget-google_maps iframe{height:300px}<\/style>\t\t<div class=\"elementor-custom-embed\">\n\t\t\t<iframe loading=\"lazy\"\n\t\t\t\t\tsrc=\"https:\/\/maps.google.com\/maps?q=Champagne%20Monmarthe&#038;t=m&#038;z=15&#038;output=embed&#038;iwloc=near\"\n\t\t\t\t\ttitle=\"Champagne Monmarthe\"\n\t\t\t\t\taria-label=\"Champagne Monmarthe\"\n\t\t\t><\/iframe>\n\t\t<\/div>\n\t\t\t\t<\/div>\n\t\t\t\t<\/div>\n\t\t\t\t<div class=\"elementor-element elementor-element-91c59c6 elementor-icon-list--layout-traditional elementor-list-item-link-full_width elementor-widget elementor-widget-icon-list\" data-id=\"91c59c6\" data-element_type=\"widget\" data-widget_type=\"icon-list.default\">\n\t\t\t\t<div class=\"elementor-widget-container\">\n\t\t\t<link rel=\"stylesheet\" href=\"https:\/\/champagne-monmarthe.com\/wp-content\/uploads\/elementor\/css\/custom-widget-icon-list.min.css?ver=1772698786\">\t\t<ul class=\"elementor-icon-list-items\">\n\t\t\t\t\t\t\t<li class=\"elementor-icon-list-item\">\n\t\t\t\t\t\t\t\t\t\t\t<span class=\"elementor-icon-list-icon\">\n\t\t\t\t\t\t\t<svg xmlns=\"http:\/\/www.w3.org\/2000\/svg\" width=\"201px\" height=\"201px\" viewBox=\"0 0 24 24\" fill=\"none\" stroke=\"#E47921\"><g id=\"SVGRepo_bgCarrier\" stroke-width=\"0\"><\/g><g id=\"SVGRepo_tracerCarrier\" stroke-linecap=\"round\" stroke-linejoin=\"round\"><\/g><g id=\"SVGRepo_iconCarrier\"><path d=\"M3 5.5C3 14.0604 9.93959 21 18.5 21C18.8862 21 19.2691 20.9859 19.6483 20.9581C20.0834 20.9262 20.3009 20.9103 20.499 20.7963C20.663 20.7019 20.8185 20.5345 20.9007 20.364C21 20.1582 21 19.9181 21 19.438V16.6207C21 16.2169 21 16.015 20.9335 15.842C20.8749 15.6891 20.7795 15.553 20.6559 15.4456C20.516 15.324 20.3262 15.255 19.9468 15.117L16.74 13.9509C16.2985 13.7904 16.0777 13.7101 15.8683 13.7237C15.6836 13.7357 15.5059 13.7988 15.3549 13.9058C15.1837 14.0271 15.0629 14.2285 14.8212 14.6314L14 16C11.3501 14.7999 9.2019 12.6489 8 10L9.36863 9.17882C9.77145 8.93713 9.97286 8.81628 10.0942 8.64506C10.2012 8.49408 10.2643 8.31637 10.2763 8.1317C10.2899 7.92227 10.2096 7.70153 10.0491 7.26005L8.88299 4.05321C8.745 3.67376 8.67601 3.48403 8.55442 3.3441C8.44701 3.22049 8.31089 3.12515 8.15802 3.06645C7.98496 3 7.78308 3 7.37932 3H4.56201C4.08188 3 3.84181 3 3.63598 3.09925C3.4655 3.18146 3.29814 3.33701 3.2037 3.50103C3.08968 3.69907 3.07375 3.91662 3.04189 4.35173C3.01413 4.73086 3 5.11378 3 5.5Z\" stroke=\"#E47921\" stroke-width=\"1.6320000000000001\" stroke-linecap=\"round\" stroke-linejoin=\"round\"><\/path><\/g><\/svg>\t\t\t\t\t\t<\/span>\n\t\t\t\t\t\t\t\t\t\t<span class=\"elementor-icon-list-text\">Phone: +33 (0)3 26 61 10 99<\/span>\n\t\t\t\t\t\t\t\t\t<\/li>\n\t\t\t\t\t\t\t\t<li class=\"elementor-icon-list-item\">\n\t\t\t\t\t\t\t\t\t\t\t<span class=\"elementor-icon-list-icon\">\n\t\t\t\t\t\t\t<svg xmlns=\"http:\/\/www.w3.org\/2000\/svg\" width=\"24\" height=\"24\" viewBox=\"0 0 24 24\" fill=\"none\"><g id=\"ic:outline-place\"><path id=\"Vector\" d=\"M12 12C10.9 12 10 11.1 10 10C10 8.9 10.9 8 12 8C13.1 8 14 8.9 14 10C14 11.1 13.1 12 12 12ZM18 10.2C18 6.57 15.35 4 12 4C8.65 4 6 6.57 6 10.2C6 12.54 7.95 15.64 12 19.34C16.05 15.64 18 12.54 18 10.2ZM12 2C16.2 2 20 5.22 20 10.2C20 13.52 17.33 17.45 12 22C6.67 17.45 4 13.52 4 10.2C4 5.22 7.8 2 12 2Z\" fill=\"#E47921\"><\/path><\/g><\/svg>\t\t\t\t\t\t<\/span>\n\t\t\t\t\t\t\t\t\t\t<span class=\"elementor-icon-list-text\">38 rue victor Hugo, 51500 Ludes<\/span>\n\t\t\t\t\t\t\t\t\t<\/li>\n\t\t\t\t\t\t\t\t<li class=\"elementor-icon-list-item\">\n\t\t\t\t\t\t\t\t\t\t\t<span class=\"elementor-icon-list-icon\">\n\t\t\t\t\t\t\t<svg xmlns=\"http:\/\/www.w3.org\/2000\/svg\" width=\"24\" height=\"24\" viewBox=\"0 0 24 24\" fill=\"none\"><g id=\"ic-contact-mail 1\"><g id=\"ic-contact-mail\"><path id=\"Vector\" d=\"M20 5H4C2.89543 5 2 5.89543 2 7V17C2 18.1046 2.89543 19 4 19H20C21.1046 19 22 18.1046 22 17V7C22 5.89543 21.1046 5 20 5Z\" stroke=\"#E47921\" stroke-width=\"2\" stroke-linecap=\"round\" stroke-linejoin=\"bevel\"><\/path><path id=\"Vector_2\" d=\"M3 6L11.2041 14.4005C11.3893 14.5906 11.6091 14.7413 11.8512 14.8442C12.0932 14.9471 12.3526 15 12.6146 15C12.8766 15 13.1361 14.9471 13.3781 14.8442C13.6201 14.7413 13.84 14.5906 14.0252 14.4005L22 6.22483\" stroke=\"#E47921\" stroke-width=\"2\" stroke-linecap=\"round\" stroke-linejoin=\"round\"><\/path><\/g><\/g><\/svg>\t\t\t\t\t\t<\/span>\n\t\t\t\t\t\t\t\t\t\t<span class=\"elementor-icon-list-text\">contact@champagne-monmarthe.com<\/span>\n\t\t\t\t\t\t\t\t\t<\/li>\n\t\t\t\t\t\t\t\t<li class=\"elementor-icon-list-item\">\n\t\t\t\t\t\t\t\t\t\t\t<span class=\"elementor-icon-list-icon\">\n\t\t\t\t\t\t\t<svg xmlns=\"http:\/\/www.w3.org\/2000\/svg\" width=\"24\" height=\"24\" viewBox=\"0 0 24 24\" fill=\"none\"><g id=\"ic-contact-time 1\"><g id=\"ic-contact-time\"><path id=\"Vector\" d=\"M12 22C17.5228 22 22 17.5228 22 12C22 6.47715 17.5228 2 12 2C6.47715 2 2 6.47715 2 12C2 17.5228 6.47715 22 12 22Z\" stroke=\"#E47921\" stroke-width=\"2\" stroke-linecap=\"round\" stroke-linejoin=\"round\"><\/path><path id=\"Vector_2\" d=\"M12 5V12H17\" stroke=\"#E47921\" stroke-width=\"2\" stroke-linecap=\"round\" stroke-linejoin=\"round\"><\/path><\/g><\/g><\/svg>\t\t\t\t\t\t<\/span>\n\t\t\t\t\t\t\t\t\t\t<span class=\"elementor-icon-list-text\"><b>Heures d'ouverture<\/b><br> Lundi - Vendredi <br>8h \u00e0 12h - 14h \u00e0 18h <br>Visite sur rendez-vous<\/span>\n\t\t\t\t\t\t\t\t\t<\/li>\n\t\t\t\t\t\t<\/ul>\n\t\t\t\t<\/div>\n\t\t\t\t<\/div>\n\t\t\t\t\t<\/div>\n\t\t\t\t<\/div>\n\t\t\t\t<\/div>\n\t\t","protected":false},"excerpt":{"rendered":"<p>Nous contacter Phone: +33 (0)3 26 61 10 99 38 rue victor Hugo, 51500 Ludes contact@champagne-monmarthe.com Heures d&rsquo;ouverture Lundi &#8211; Vendredi 8h \u00e0 12h &#8211; 14h \u00e0 18h Visite sur rendez-vous<\/p>\n","protected":false},"author":3,"featured_media":1543,"parent":0,"menu_order":0,"comment_status":"closed","ping_status":"closed","template":"elementor_header_footer","meta":{"footnotes":""},"class_list":["post-1537","page","type-page","status-publish","has-post-thumbnail","hentry"],"yoast_head":"<!-- This site is optimized with the Yoast SEO plugin v23.4 - https:\/\/yoast.com\/wordpress\/plugins\/seo\/ -->\n<title>Nous contacter - Champagne Monmarthe<\/title>\n<meta name=\"description\" content=\"T\u00e9l: +33 (0)3.26.61.10.99 - Fax: +33 (0)3.26.61.12.67 Heures d&#039;ouverture 8h \u00e0 12h - 14h \u00e0 18h du lundi au vendredi et le samedi matin\" \/>\n<meta name=\"robots\" content=\"index, follow, max-snippet:-1, max-image-preview:large, max-video-preview:-1\" \/>\n<link rel=\"canonical\" href=\"https:\/\/champagne-monmarthe.com\/contact-us\/\" \/>\n<meta property=\"og:locale\" content=\"fr_FR\" \/>\n<meta property=\"og:type\" content=\"article\" \/>\n<meta property=\"og:title\" content=\"Nous contacter - Champagne Monmarthe\" \/>\n<meta property=\"og:description\" content=\"T\u00e9l: +33 (0)3.26.61.10.99 - Fax: +33 (0)3.26.61.12.67 Heures d&#039;ouverture 8h \u00e0 12h - 14h \u00e0 18h du lundi au vendredi et le samedi matin\" \/>\n<meta property=\"og:url\" content=\"https:\/\/champagne-monmarthe.com\/contact-us\/\" \/>\n<meta property=\"og:site_name\" content=\"Champagne Monmarthe\" \/>\n<meta property=\"article:modified_time\" content=\"2024-04-23T10:02:39+00:00\" \/>\n<meta property=\"og:image\" content=\"https:\/\/champagne-monmarthe.com\/wp-content\/uploads\/2024\/01\/FAmily-story-img.png\" \/>\n\t<meta property=\"og:image:width\" content=\"1260\" \/>\n\t<meta property=\"og:image:height\" content=\"838\" \/>\n\t<meta property=\"og:image:type\" content=\"image\/png\" \/>\n<meta name=\"twitter:card\" content=\"summary_large_image\" \/>\n<script type=\"application\/ld+json\" class=\"yoast-schema-graph\">{\"@context\":\"https:\/\/schema.org\",\"@graph\":[{\"@type\":\"WebPage\",\"@id\":\"https:\/\/champagne-monmarthe.com\/contact-us\/\",\"url\":\"https:\/\/champagne-monmarthe.com\/contact-us\/\",\"name\":\"Nous contacter - Champagne Monmarthe\",\"isPartOf\":{\"@id\":\"https:\/\/champagne-monmarthe.com\/#website\"},\"primaryImageOfPage\":{\"@id\":\"https:\/\/champagne-monmarthe.com\/contact-us\/#primaryimage\"},\"image\":{\"@id\":\"https:\/\/champagne-monmarthe.com\/contact-us\/#primaryimage\"},\"thumbnailUrl\":\"https:\/\/champagne-monmarthe.com\/wp-content\/uploads\/2024\/01\/FAmily-story-img.png\",\"datePublished\":\"2024-01-10T11:51:14+00:00\",\"dateModified\":\"2024-04-23T10:02:39+00:00\",\"description\":\"T\u00e9l: +33 (0)3.26.61.10.99 - Fax: +33 (0)3.26.61.12.67 Heures d'ouverture 8h \u00e0 12h - 14h \u00e0 18h du lundi au vendredi et le samedi matin\",\"breadcrumb\":{\"@id\":\"https:\/\/champagne-monmarthe.com\/contact-us\/#breadcrumb\"},\"inLanguage\":\"fr-FR\",\"potentialAction\":[{\"@type\":\"ReadAction\",\"target\":[\"https:\/\/champagne-monmarthe.com\/contact-us\/\"]}]},{\"@type\":\"ImageObject\",\"inLanguage\":\"fr-FR\",\"@id\":\"https:\/\/champagne-monmarthe.com\/contact-us\/#primaryimage\",\"url\":\"https:\/\/champagne-monmarthe.com\/wp-content\/uploads\/2024\/01\/FAmily-story-img.png\",\"contentUrl\":\"https:\/\/champagne-monmarthe.com\/wp-content\/uploads\/2024\/01\/FAmily-story-img.png\",\"width\":1260,\"height\":838},{\"@type\":\"BreadcrumbList\",\"@id\":\"https:\/\/champagne-monmarthe.com\/contact-us\/#breadcrumb\",\"itemListElement\":[{\"@type\":\"ListItem\",\"position\":1,\"name\":\"Home\",\"item\":\"https:\/\/champagne-monmarthe.com\/fr\/\"},{\"@type\":\"ListItem\",\"position\":2,\"name\":\"Nous contacter\"}]},{\"@type\":\"WebSite\",\"@id\":\"https:\/\/champagne-monmarthe.com\/#website\",\"url\":\"https:\/\/champagne-monmarthe.com\/\",\"name\":\"Champagne Monmarthe\",\"description\":\"\",\"publisher\":{\"@id\":\"https:\/\/champagne-monmarthe.com\/#organization\"},\"potentialAction\":[{\"@type\":\"SearchAction\",\"target\":{\"@type\":\"EntryPoint\",\"urlTemplate\":\"https:\/\/champagne-monmarthe.com\/?s={search_term_string}\"},\"query-input\":{\"@type\":\"PropertyValueSpecification\",\"valueRequired\":true,\"valueName\":\"search_term_string\"}}],\"inLanguage\":\"fr-FR\"},{\"@type\":\"Organization\",\"@id\":\"https:\/\/champagne-monmarthe.com\/#organization\",\"name\":\"Champagne Monmarthe\",\"url\":\"https:\/\/champagne-monmarthe.com\/\",\"logo\":{\"@type\":\"ImageObject\",\"inLanguage\":\"fr-FR\",\"@id\":\"https:\/\/champagne-monmarthe.com\/#\/schema\/logo\/image\/\",\"url\":\"https:\/\/champagne-monmarthe.com\/wp-content\/uploads\/2023\/12\/LOGO.svg\",\"contentUrl\":\"https:\/\/champagne-monmarthe.com\/wp-content\/uploads\/2023\/12\/LOGO.svg\",\"width\":206,\"height\":96,\"caption\":\"Champagne Monmarthe\"},\"image\":{\"@id\":\"https:\/\/champagne-monmarthe.com\/#\/schema\/logo\/image\/\"}}]}<\/script>\n<!-- \/ Yoast SEO plugin. -->","yoast_head_json":{"title":"Nous contacter - Champagne Monmarthe","description":"T\u00e9l: +33 (0)3.26.61.10.99 - Fax: +33 (0)3.26.61.12.67 Heures d'ouverture 8h \u00e0 12h - 14h \u00e0 18h du lundi au vendredi et le samedi matin","robots":{"index":"index","follow":"follow","max-snippet":"max-snippet:-1","max-image-preview":"max-image-preview:large","max-video-preview":"max-video-preview:-1"},"canonical":"https:\/\/champagne-monmarthe.com\/contact-us\/","og_locale":"fr_FR","og_type":"article","og_title":"Nous contacter - Champagne Monmarthe","og_description":"T\u00e9l: +33 (0)3.26.61.10.99 - Fax: +33 (0)3.26.61.12.67 Heures d'ouverture 8h \u00e0 12h - 14h \u00e0 18h du lundi au vendredi et le samedi matin","og_url":"https:\/\/champagne-monmarthe.com\/contact-us\/","og_site_name":"Champagne Monmarthe","article_modified_time":"2024-04-23T10:02:39+00:00","og_image":[{"width":1260,"height":838,"url":"https:\/\/champagne-monmarthe.com\/wp-content\/uploads\/2024\/01\/FAmily-story-img.png","type":"image\/png"}],"twitter_card":"summary_large_image","schema":{"@context":"https:\/\/schema.org","@graph":[{"@type":"WebPage","@id":"https:\/\/champagne-monmarthe.com\/contact-us\/","url":"https:\/\/champagne-monmarthe.com\/contact-us\/","name":"Nous contacter - Champagne Monmarthe","isPartOf":{"@id":"https:\/\/champagne-monmarthe.com\/#website"},"primaryImageOfPage":{"@id":"https:\/\/champagne-monmarthe.com\/contact-us\/#primaryimage"},"image":{"@id":"https:\/\/champagne-monmarthe.com\/contact-us\/#primaryimage"},"thumbnailUrl":"https:\/\/champagne-monmarthe.com\/wp-content\/uploads\/2024\/01\/FAmily-story-img.png","datePublished":"2024-01-10T11:51:14+00:00","dateModified":"2024-04-23T10:02:39+00:00","description":"T\u00e9l: +33 (0)3.26.61.10.99 - Fax: +33 (0)3.26.61.12.67 Heures d'ouverture 8h \u00e0 12h - 14h \u00e0 18h du lundi au vendredi et le samedi matin","breadcrumb":{"@id":"https:\/\/champagne-monmarthe.com\/contact-us\/#breadcrumb"},"inLanguage":"fr-FR","potentialAction":[{"@type":"ReadAction","target":["https:\/\/champagne-monmarthe.com\/contact-us\/"]}]},{"@type":"ImageObject","inLanguage":"fr-FR","@id":"https:\/\/champagne-monmarthe.com\/contact-us\/#primaryimage","url":"https:\/\/champagne-monmarthe.com\/wp-content\/uploads\/2024\/01\/FAmily-story-img.png","contentUrl":"https:\/\/champagne-monmarthe.com\/wp-content\/uploads\/2024\/01\/FAmily-story-img.png","width":1260,"height":838},{"@type":"BreadcrumbList","@id":"https:\/\/champagne-monmarthe.com\/contact-us\/#breadcrumb","itemListElement":[{"@type":"ListItem","position":1,"name":"Home","item":"https:\/\/champagne-monmarthe.com\/fr\/"},{"@type":"ListItem","position":2,"name":"Nous contacter"}]},{"@type":"WebSite","@id":"https:\/\/champagne-monmarthe.com\/#website","url":"https:\/\/champagne-monmarthe.com\/","name":"Champagne Monmarthe","description":"","publisher":{"@id":"https:\/\/champagne-monmarthe.com\/#organization"},"potentialAction":[{"@type":"SearchAction","target":{"@type":"EntryPoint","urlTemplate":"https:\/\/champagne-monmarthe.com\/?s={search_term_string}"},"query-input":{"@type":"PropertyValueSpecification","valueRequired":true,"valueName":"search_term_string"}}],"inLanguage":"fr-FR"},{"@type":"Organization","@id":"https:\/\/champagne-monmarthe.com\/#organization","name":"Champagne Monmarthe","url":"https:\/\/champagne-monmarthe.com\/","logo":{"@type":"ImageObject","inLanguage":"fr-FR","@id":"https:\/\/champagne-monmarthe.com\/#\/schema\/logo\/image\/","url":"https:\/\/champagne-monmarthe.com\/wp-content\/uploads\/2023\/12\/LOGO.svg","contentUrl":"https:\/\/champagne-monmarthe.com\/wp-content\/uploads\/2023\/12\/LOGO.svg","width":206,"height":96,"caption":"Champagne Monmarthe"},"image":{"@id":"https:\/\/champagne-monmarthe.com\/#\/schema\/logo\/image\/"}}]}},"_links":{"self":[{"href":"https:\/\/champagne-monmarthe.com\/fr\/wp-json\/wp\/v2\/pages\/1537","targetHints":{"allow":["GET"]}}],"collection":[{"href":"https:\/\/champagne-monmarthe.com\/fr\/wp-json\/wp\/v2\/pages"}],"about":[{"href":"https:\/\/champagne-monmarthe.com\/fr\/wp-json\/wp\/v2\/types\/page"}],"author":[{"embeddable":true,"href":"https:\/\/champagne-monmarthe.com\/fr\/wp-json\/wp\/v2\/users\/3"}],"replies":[{"embeddable":true,"href":"https:\/\/champagne-monmarthe.com\/fr\/wp-json\/wp\/v2\/comments?post=1537"}],"version-history":[{"count":4,"href":"https:\/\/champagne-monmarthe.com\/fr\/wp-json\/wp\/v2\/pages\/1537\/revisions"}],"predecessor-version":[{"id":2195,"href":"https:\/\/champagne-monmarthe.com\/fr\/wp-json\/wp\/v2\/pages\/1537\/revisions\/2195"}],"wp:featuredmedia":[{"embeddable":true,"href":"https:\/\/champagne-monmarthe.com\/fr\/wp-json\/wp\/v2\/media\/1543"}],"wp:attachment":[{"href":"https:\/\/champagne-monmarthe.com\/fr\/wp-json\/wp\/v2\/media?parent=1537"}],"curies":[{"name":"wp","href":"https:\/\/api.w.org\/{rel}","templated":true}]}}